{"id":101,"date":"2024-09-02T09:30:14","date_gmt":"2024-09-02T09:30:14","guid":{"rendered":"https:\/\/liderconsulting.skydoo.com.pl\/?page_id=101"},"modified":"2024-09-05T08:02:59","modified_gmt":"2024-09-05T08:02:59","slug":"ksiegowosc","status":"publish","type":"page","link":"https:\/\/liderconsulting.eu\/?page_id=101","title":{"rendered":"Ksi\u0119gowo\u015b\u0107"},"content":{"rendered":"\t\t<div data-elementor-type=\"wp-page\" data-elementor-id=\"101\" class=\"elementor elementor-101\" data-elementor-post-type=\"page\">\n\t\t\t\t<div class=\"elementor-element elementor-element-331e407 e-flex e-con-boxed e-con e-parent\" data-id=\"331e407\" data-element_type=\"container\" data-e-type=\"container\">\n\t\t\t\t\t<div class=\"e-con-inner\">\n\t\t\t\t<div class=\"elementor-element elementor-element-5dbaf13 elementor-widget elementor-widget-heading\" data-id=\"5dbaf13\" data-element_type=\"widget\" data-e-type=\"widget\" data-widget_type=\"heading.default\">\n\t\t\t\t<div class=\"elementor-widget-container\">\n\t\t\t\t\t<h3 class=\"elementor-heading-title elementor-size-default\">Ksi\u0119gowo\u015b\u0107<\/h3>\t\t\t\t<\/div>\n\t\t\t\t<\/div>\n\t\t\t\t<div class=\"elementor-element elementor-element-2c454c8 elementor-widget elementor-widget-heading\" data-id=\"2c454c8\" data-element_type=\"widget\" data-e-type=\"widget\" data-widget_type=\"heading.default\">\n\t\t\t\t<div class=\"elementor-widget-container\">\n\t\t\t\t\t<h2 class=\"elementor-heading-title elementor-size-default\">Rzetelna i sprawna obs\u0142uga firm i os\u00f3b fizycznych<\/h2>\t\t\t\t<\/div>\n\t\t\t\t<\/div>\n\t\t\t\t\t<\/div>\n\t\t\t\t<\/div>\n\t\t<div class=\"elementor-element elementor-element-b3b1837 e-flex e-con-boxed e-con e-parent\" data-id=\"b3b1837\" data-element_type=\"container\" data-e-type=\"container\">\n\t\t\t\t\t<div class=\"e-con-inner\">\n\t\t<div class=\"elementor-element elementor-element-a117706 e-con-full e-flex e-con e-child\" data-id=\"a117706\" data-element_type=\"container\" data-e-type=\"container\">\n\t\t\t\t<div class=\"elementor-element elementor-element-8d39bf3 elementor-widget elementor-widget-image\" data-id=\"8d39bf3\" data-element_type=\"widget\" data-e-type=\"widget\" data-widget_type=\"image.default\">\n\t\t\t\t<div class=\"elementor-widget-container\">\n\t\t\t\t\t\t\t\t\t\t\t\t\t\t\t<img fetchpriority=\"high\" decoding=\"async\" width=\"791\" height=\"309\" src=\"https:\/\/liderconsulting.eu\/wp-content\/uploads\/2024\/09\/Frame-1751-1.png\" class=\"attachment-full size-full wp-image-103\" alt=\"\" srcset=\"https:\/\/liderconsulting.eu\/wp-content\/uploads\/2024\/09\/Frame-1751-1.png 791w, https:\/\/liderconsulting.eu\/wp-content\/uploads\/2024\/09\/Frame-1751-1-300x117.png 300w, https:\/\/liderconsulting.eu\/wp-content\/uploads\/2024\/09\/Frame-1751-1-768x300.png 768w\" sizes=\"(max-width: 791px) 100vw, 791px\" \/>\t\t\t\t\t\t\t\t\t\t\t\t\t\t\t<\/div>\n\t\t\t\t<\/div>\n\t\t\t\t<\/div>\n\t\t<div class=\"elementor-element elementor-element-2b29f40 e-con-full e-flex e-con e-child\" data-id=\"2b29f40\" data-element_type=\"container\" data-e-type=\"container\">\n\t\t\t\t<div class=\"elementor-element elementor-element-9b36427 elementor-widget elementor-widget-heading\" data-id=\"9b36427\" data-element_type=\"widget\" data-e-type=\"widget\" data-widget_type=\"heading.default\">\n\t\t\t\t<div class=\"elementor-widget-container\">\n\t\t\t\t\t<h2 class=\"elementor-heading-title elementor-size-default\">KSI\u0118GOWO\u015a\u0106<\/h2>\t\t\t\t<\/div>\n\t\t\t\t<\/div>\n\t\t\t\t<div class=\"elementor-element elementor-element-876a066 elementor-widget elementor-widget-text-editor\" data-id=\"876a066\" data-element_type=\"widget\" data-e-type=\"widget\" data-widget_type=\"text-editor.default\">\n\t\t\t\t<div class=\"elementor-widget-container\">\n\t\t\t\t\t\t\t\t\t<ul><li>Prowadzenie ksi\u0105g rachunkowych<\/li><li>Podatkowa ksi\u0119ga przychod\u00f3w i rozchod\u00f3w<\/li><li>Rycza\u0142t ewidencjonowany<\/li><li>Deklaracje podatkowe i statystyczne<\/li><li>Kadry i p\u0142ace<\/li><li>Tworzenie planu kont<\/li><li>Pomoc w doborze formy opodatkowania<\/li><li>Reprezentacja przed organami skarbowymi i ZUS<\/li><li>Zwroty vat i nadp\u0142at, r\u00f3wnie\u017c zagraniczne<\/li><li>Wnioski, podania, za\u017calenia<\/li><li>Wyprowadzanie zaleg\u0142o\u015bci<\/li><\/ul>\t\t\t\t\t\t\t\t<\/div>\n\t\t\t\t<\/div>\n\t\t\t\t<\/div>\n\t\t\t\t\t<\/div>\n\t\t\t\t<\/div>\n\t\t\t\t<\/div>\n\t\t","protected":false},"excerpt":{"rendered":"<p>Ksi\u0119gowo\u015b\u0107 Rzetelna i sprawna obs\u0142uga firm i os\u00f3b fizycznych KSI\u0118GOWO\u015a\u0106 Prowadzenie ksi\u0105g rachunkowych Podatkowa ksi\u0119ga przychod\u00f3w i rozchod\u00f3w Rycza\u0142t ewidencjonowany Deklaracje podatkowe i statystyczne Kadry i p\u0142ace Tworzenie planu kont Pomoc w doborze formy opodatkowania Reprezentacja przed organami skarbowymi i ZUS Zwroty vat i nadp\u0142at, r\u00f3wnie\u017c zagraniczne Wnioski, podania, za\u017calenia Wyprowadzanie zaleg\u0142o\u015bci<\/p>\n","protected":false},"author":1,"featured_media":0,"parent":0,"menu_order":0,"comment_status":"closed","ping_status":"closed","template":"elementor_header_footer","meta":{"footnotes":""},"class_list":["post-101","page","type-page","status-publish","hentry"],"yoast_head":"<!-- This site is optimized with the Yoast SEO plugin v27.4 - https:\/\/yoast.com\/product\/yoast-seo-wordpress\/ -->\n<title>Ksi\u0119gowo\u015b\u0107 - LiderConsulting<\/title>\n<meta name=\"robots\" content=\"index, follow, max-snippet:-1, max-image-preview:large, max-video-preview:-1\" \/>\n<link rel=\"canonical\" href=\"https:\/\/liderconsulting.eu\/?page_id=101\" \/>\n<meta property=\"og:locale\" content=\"pl_PL\" \/>\n<meta property=\"og:type\" content=\"article\" \/>\n<meta property=\"og:title\" content=\"Ksi\u0119gowo\u015b\u0107 - LiderConsulting\" \/>\n<meta property=\"og:description\" content=\"Ksi\u0119gowo\u015b\u0107 Rzetelna i sprawna obs\u0142uga firm i os\u00f3b fizycznych KSI\u0118GOWO\u015a\u0106 Prowadzenie ksi\u0105g rachunkowych Podatkowa ksi\u0119ga przychod\u00f3w i rozchod\u00f3w Rycza\u0142t ewidencjonowany Deklaracje podatkowe i statystyczne Kadry i p\u0142ace Tworzenie planu kont Pomoc w doborze formy opodatkowania Reprezentacja przed organami skarbowymi i ZUS Zwroty vat i nadp\u0142at, r\u00f3wnie\u017c zagraniczne Wnioski, podania, za\u017calenia Wyprowadzanie zaleg\u0142o\u015bci\" \/>\n<meta property=\"og:url\" content=\"https:\/\/liderconsulting.eu\/?page_id=101\" \/>\n<meta property=\"og:site_name\" content=\"LiderConsulting\" \/>\n<meta property=\"article:modified_time\" content=\"2024-09-05T08:02:59+00:00\" \/>\n<meta property=\"og:image\" content=\"https:\/\/liderconsulting.eu\/wp-content\/uploads\/2024\/09\/Frame-1751-1.png\" \/>\n\t<meta property=\"og:image:width\" content=\"791\" \/>\n\t<meta property=\"og:image:height\" content=\"309\" \/>\n\t<meta property=\"og:image:type\" content=\"image\/png\" \/>\n<meta name=\"twitter:card\" content=\"summary_large_image\" \/>\n<script type=\"application\/ld+json\" class=\"yoast-schema-graph\">{\"@context\":\"https:\\\/\\\/schema.org\",\"@graph\":[{\"@type\":\"WebPage\",\"@id\":\"https:\\\/\\\/liderconsulting.eu\\\/?page_id=101\",\"url\":\"https:\\\/\\\/liderconsulting.eu\\\/?page_id=101\",\"name\":\"Ksi\u0119gowo\u015b\u0107 - LiderConsulting\",\"isPartOf\":{\"@id\":\"https:\\\/\\\/liderconsulting.eu\\\/#website\"},\"primaryImageOfPage\":{\"@id\":\"https:\\\/\\\/liderconsulting.eu\\\/?page_id=101#primaryimage\"},\"image\":{\"@id\":\"https:\\\/\\\/liderconsulting.eu\\\/?page_id=101#primaryimage\"},\"thumbnailUrl\":\"https:\\\/\\\/liderconsulting.eu\\\/wp-content\\\/uploads\\\/2024\\\/09\\\/Frame-1751-1.png\",\"datePublished\":\"2024-09-02T09:30:14+00:00\",\"dateModified\":\"2024-09-05T08:02:59+00:00\",\"breadcrumb\":{\"@id\":\"https:\\\/\\\/liderconsulting.eu\\\/?page_id=101#breadcrumb\"},\"inLanguage\":\"pl-PL\",\"potentialAction\":[{\"@type\":\"ReadAction\",\"target\":[\"https:\\\/\\\/liderconsulting.eu\\\/?page_id=101\"]}]},{\"@type\":\"ImageObject\",\"inLanguage\":\"pl-PL\",\"@id\":\"https:\\\/\\\/liderconsulting.eu\\\/?page_id=101#primaryimage\",\"url\":\"https:\\\/\\\/liderconsulting.eu\\\/wp-content\\\/uploads\\\/2024\\\/09\\\/Frame-1751-1.png\",\"contentUrl\":\"https:\\\/\\\/liderconsulting.eu\\\/wp-content\\\/uploads\\\/2024\\\/09\\\/Frame-1751-1.png\",\"width\":791,\"height\":309},{\"@type\":\"BreadcrumbList\",\"@id\":\"https:\\\/\\\/liderconsulting.eu\\\/?page_id=101#breadcrumb\",\"itemListElement\":[{\"@type\":\"ListItem\",\"position\":1,\"name\":\"Strona g\u0142\u00f3wna\",\"item\":\"https:\\\/\\\/liderconsulting.eu\\\/\"},{\"@type\":\"ListItem\",\"position\":2,\"name\":\"Ksi\u0119gowo\u015b\u0107\"}]},{\"@type\":\"WebSite\",\"@id\":\"https:\\\/\\\/liderconsulting.eu\\\/#website\",\"url\":\"https:\\\/\\\/liderconsulting.eu\\\/\",\"name\":\"LiderConsulting\",\"description\":\"Doradztwo, Ksi\u0119gowo\u015b\u0107, Po\u015brednictwo finansowe\",\"publisher\":{\"@id\":\"https:\\\/\\\/liderconsulting.eu\\\/#organization\"},\"potentialAction\":[{\"@type\":\"SearchAction\",\"target\":{\"@type\":\"EntryPoint\",\"urlTemplate\":\"https:\\\/\\\/liderconsulting.eu\\\/?s={search_term_string}\"},\"query-input\":{\"@type\":\"PropertyValueSpecification\",\"valueRequired\":true,\"valueName\":\"search_term_string\"}}],\"inLanguage\":\"pl-PL\"},{\"@type\":\"Organization\",\"@id\":\"https:\\\/\\\/liderconsulting.eu\\\/#organization\",\"name\":\"LiderConsulting\",\"url\":\"https:\\\/\\\/liderconsulting.eu\\\/\",\"logo\":{\"@type\":\"ImageObject\",\"inLanguage\":\"pl-PL\",\"@id\":\"https:\\\/\\\/liderconsulting.eu\\\/#\\\/schema\\\/logo\\\/image\\\/\",\"url\":\"https:\\\/\\\/liderconsulting.eu\\\/wp-content\\\/uploads\\\/2024\\\/08\\\/LogoItem-2.png\",\"contentUrl\":\"https:\\\/\\\/liderconsulting.eu\\\/wp-content\\\/uploads\\\/2024\\\/08\\\/LogoItem-2.png\",\"width\":332,\"height\":100,\"caption\":\"LiderConsulting\"},\"image\":{\"@id\":\"https:\\\/\\\/liderconsulting.eu\\\/#\\\/schema\\\/logo\\\/image\\\/\"}}]}<\/script>\n<!-- \/ Yoast SEO plugin. -->","yoast_head_json":{"title":"Ksi\u0119gowo\u015b\u0107 - LiderConsulting","robots":{"index":"index","follow":"follow","max-snippet":"max-snippet:-1","max-image-preview":"max-image-preview:large","max-video-preview":"max-video-preview:-1"},"canonical":"https:\/\/liderconsulting.eu\/?page_id=101","og_locale":"pl_PL","og_type":"article","og_title":"Ksi\u0119gowo\u015b\u0107 - LiderConsulting","og_description":"Ksi\u0119gowo\u015b\u0107 Rzetelna i sprawna obs\u0142uga firm i os\u00f3b fizycznych KSI\u0118GOWO\u015a\u0106 Prowadzenie ksi\u0105g rachunkowych Podatkowa ksi\u0119ga przychod\u00f3w i rozchod\u00f3w Rycza\u0142t ewidencjonowany Deklaracje podatkowe i statystyczne Kadry i p\u0142ace Tworzenie planu kont Pomoc w doborze formy opodatkowania Reprezentacja przed organami skarbowymi i ZUS Zwroty vat i nadp\u0142at, r\u00f3wnie\u017c zagraniczne Wnioski, podania, za\u017calenia Wyprowadzanie zaleg\u0142o\u015bci","og_url":"https:\/\/liderconsulting.eu\/?page_id=101","og_site_name":"LiderConsulting","article_modified_time":"2024-09-05T08:02:59+00:00","og_image":[{"width":791,"height":309,"url":"https:\/\/liderconsulting.eu\/wp-content\/uploads\/2024\/09\/Frame-1751-1.png","type":"image\/png"}],"twitter_card":"summary_large_image","schema":{"@context":"https:\/\/schema.org","@graph":[{"@type":"WebPage","@id":"https:\/\/liderconsulting.eu\/?page_id=101","url":"https:\/\/liderconsulting.eu\/?page_id=101","name":"Ksi\u0119gowo\u015b\u0107 - LiderConsulting","isPartOf":{"@id":"https:\/\/liderconsulting.eu\/#website"},"primaryImageOfPage":{"@id":"https:\/\/liderconsulting.eu\/?page_id=101#primaryimage"},"image":{"@id":"https:\/\/liderconsulting.eu\/?page_id=101#primaryimage"},"thumbnailUrl":"https:\/\/liderconsulting.eu\/wp-content\/uploads\/2024\/09\/Frame-1751-1.png","datePublished":"2024-09-02T09:30:14+00:00","dateModified":"2024-09-05T08:02:59+00:00","breadcrumb":{"@id":"https:\/\/liderconsulting.eu\/?page_id=101#breadcrumb"},"inLanguage":"pl-PL","potentialAction":[{"@type":"ReadAction","target":["https:\/\/liderconsulting.eu\/?page_id=101"]}]},{"@type":"ImageObject","inLanguage":"pl-PL","@id":"https:\/\/liderconsulting.eu\/?page_id=101#primaryimage","url":"https:\/\/liderconsulting.eu\/wp-content\/uploads\/2024\/09\/Frame-1751-1.png","contentUrl":"https:\/\/liderconsulting.eu\/wp-content\/uploads\/2024\/09\/Frame-1751-1.png","width":791,"height":309},{"@type":"BreadcrumbList","@id":"https:\/\/liderconsulting.eu\/?page_id=101#breadcrumb","itemListElement":[{"@type":"ListItem","position":1,"name":"Strona g\u0142\u00f3wna","item":"https:\/\/liderconsulting.eu\/"},{"@type":"ListItem","position":2,"name":"Ksi\u0119gowo\u015b\u0107"}]},{"@type":"WebSite","@id":"https:\/\/liderconsulting.eu\/#website","url":"https:\/\/liderconsulting.eu\/","name":"LiderConsulting","description":"Doradztwo, Ksi\u0119gowo\u015b\u0107, Po\u015brednictwo finansowe","publisher":{"@id":"https:\/\/liderconsulting.eu\/#organization"},"potentialAction":[{"@type":"SearchAction","target":{"@type":"EntryPoint","urlTemplate":"https:\/\/liderconsulting.eu\/?s={search_term_string}"},"query-input":{"@type":"PropertyValueSpecification","valueRequired":true,"valueName":"search_term_string"}}],"inLanguage":"pl-PL"},{"@type":"Organization","@id":"https:\/\/liderconsulting.eu\/#organization","name":"LiderConsulting","url":"https:\/\/liderconsulting.eu\/","logo":{"@type":"ImageObject","inLanguage":"pl-PL","@id":"https:\/\/liderconsulting.eu\/#\/schema\/logo\/image\/","url":"https:\/\/liderconsulting.eu\/wp-content\/uploads\/2024\/08\/LogoItem-2.png","contentUrl":"https:\/\/liderconsulting.eu\/wp-content\/uploads\/2024\/08\/LogoItem-2.png","width":332,"height":100,"caption":"LiderConsulting"},"image":{"@id":"https:\/\/liderconsulting.eu\/#\/schema\/logo\/image\/"}}]}},"_links":{"self":[{"href":"https:\/\/liderconsulting.eu\/index.php?rest_route=\/wp\/v2\/pages\/101","targetHints":{"allow":["GET"]}}],"collection":[{"href":"https:\/\/liderconsulting.eu\/index.php?rest_route=\/wp\/v2\/pages"}],"about":[{"href":"https:\/\/liderconsulting.eu\/index.php?rest_route=\/wp\/v2\/types\/page"}],"author":[{"embeddable":true,"href":"https:\/\/liderconsulting.eu\/index.php?rest_route=\/wp\/v2\/users\/1"}],"replies":[{"embeddable":true,"href":"https:\/\/liderconsulting.eu\/index.php?rest_route=%2Fwp%2Fv2%2Fcomments&post=101"}],"version-history":[{"count":19,"href":"https:\/\/liderconsulting.eu\/index.php?rest_route=\/wp\/v2\/pages\/101\/revisions"}],"predecessor-version":[{"id":468,"href":"https:\/\/liderconsulting.eu\/index.php?rest_route=\/wp\/v2\/pages\/101\/revisions\/468"}],"wp:attachment":[{"href":"https:\/\/liderconsulting.eu\/index.php?rest_route=%2Fwp%2Fv2%2Fmedia&parent=101"}],"curies":[{"name":"wp","href":"https:\/\/api.w.org\/{rel}","templated":true}]}}