{"id":124,"date":"2024-09-02T10:07:20","date_gmt":"2024-09-02T10:07:20","guid":{"rendered":"https:\/\/liderconsulting.skydoo.com.pl\/?page_id=124"},"modified":"2024-10-11T07:23:06","modified_gmt":"2024-10-11T07:23:06","slug":"cudzoziemcy","status":"publish","type":"page","link":"https:\/\/liderconsulting.eu\/?page_id=124","title":{"rendered":"Cudzoziemcy"},"content":{"rendered":"\t\t<div data-elementor-type=\"wp-page\" data-elementor-id=\"124\" class=\"elementor elementor-124\" data-elementor-post-type=\"page\">\n\t\t\t\t<div class=\"elementor-element elementor-element-a77296a e-flex e-con-boxed e-con e-parent\" data-id=\"a77296a\" data-element_type=\"container\" data-e-type=\"container\" data-settings=\"{&quot;background_background&quot;:&quot;classic&quot;}\">\n\t\t\t\t\t<div class=\"e-con-inner\">\n\t\t\t\t<div class=\"elementor-element elementor-element-b14c1d0 elementor-widget elementor-widget-heading\" data-id=\"b14c1d0\" data-element_type=\"widget\" data-e-type=\"widget\" data-widget_type=\"heading.default\">\n\t\t\t\t<div class=\"elementor-widget-container\">\n\t\t\t\t\t<h1 class=\"elementor-heading-title elementor-size-default\">Obs\u0142uga\u2028<br>cudzoziemc\u00f3w i pomoc w biznesie<\/h1>\t\t\t\t<\/div>\n\t\t\t\t<\/div>\n\t\t\t\t<div class=\"elementor-element elementor-element-6a0e30f elementor-widget elementor-widget-text-editor\" data-id=\"6a0e30f\" data-element_type=\"widget\" data-e-type=\"widget\" data-widget_type=\"text-editor.default\">\n\t\t\t\t<div class=\"elementor-widget-container\">\n\t\t\t\t\t\t\t\t\t<p>Zapewniamy kompleksowe doradztwo i profesjonaln\u0105 opiek\u0119 z zakresu legalizacji pobytu i zatrudniania cudzoziemc\u00f3w w Polsce. Nasze us\u0142ugi kierowane s\u0105 zar\u00f3wno do os\u00f3b fizycznych, jak i przedsi\u0119biorc\u00f3w zatrudniaj\u0105cych cudzoziemc\u00f3w. Oferujemy us\u0142ugi w j\u0119zyku polskim, angielskim, tureckim i rosyjskim.<\/p>\t\t\t\t\t\t\t\t<\/div>\n\t\t\t\t<\/div>\n\t\t\t\t<div class=\"elementor-element elementor-element-88b6f4e elementor-mobile-align-center elementor-widget elementor-widget-button\" data-id=\"88b6f4e\" data-element_type=\"widget\" data-e-type=\"widget\" data-widget_type=\"button.default\">\n\t\t\t\t<div class=\"elementor-widget-container\">\n\t\t\t\t\t\t\t\t\t<div class=\"elementor-button-wrapper\">\n\t\t\t\t\t<a class=\"elementor-button elementor-button-link elementor-size-sm\" href=\"#elementor-action%3Aaction%3Dpopup%3Aopen%26settings%3DeyJpZCI6IjQ1NyIsInRvZ2dsZSI6ZmFsc2V9\">\n\t\t\t\t\t\t<span class=\"elementor-button-content-wrapper\">\n\t\t\t\t\t\t<span class=\"elementor-button-icon\">\n\t\t\t\t<svg xmlns=\"http:\/\/www.w3.org\/2000\/svg\" width=\"14\" height=\"14\" viewBox=\"0 0 14 14\" fill=\"none\"><path d=\"M5.65625 10L9.65625 7L5.65625 4V10ZM2.28125 2.3125C3.59375 1 5.16667 0.34375 7 0.34375C8.83333 0.34375 10.3958 1 11.6875 2.3125C13 3.60417 13.6562 5.16667 13.6562 7C13.6562 8.83333 13 10.4062 11.6875 11.7188C10.3958 13.0104 8.83333 13.6562 7 13.6562C5.16667 13.6562 3.59375 13.0104 2.28125 11.7188C0.989583 10.4062 0.34375 8.83333 0.34375 7C0.34375 5.16667 0.989583 3.60417 2.28125 2.3125Z\" fill=\"white\"><\/path><\/svg>\t\t\t<\/span>\n\t\t\t\t\t\t\t\t\t<span class=\"elementor-button-text\">Obejrzyj film<\/span>\n\t\t\t\t\t<\/span>\n\t\t\t\t\t<\/a>\n\t\t\t\t<\/div>\n\t\t\t\t\t\t\t\t<\/div>\n\t\t\t\t<\/div>\n\t\t\t\t\t<\/div>\n\t\t\t\t<\/div>\n\t\t<div class=\"elementor-element elementor-element-6f50afb e-flex e-con-boxed e-con e-parent\" data-id=\"6f50afb\" data-element_type=\"container\" data-e-type=\"container\">\n\t\t\t\t\t<div class=\"e-con-inner\">\n\t\t\t\t<div class=\"elementor-element elementor-element-7afbf34 elementor-widget elementor-widget-heading\" data-id=\"7afbf34\" data-element_type=\"widget\" data-e-type=\"widget\" data-widget_type=\"heading.default\">\n\t\t\t\t<div class=\"elementor-widget-container\">\n\t\t\t\t\t<h2 class=\"elementor-heading-title elementor-size-default\">Sprawd\u017a, jak mo\u017cemy Ci pom\u00f3c<\/h2>\t\t\t\t<\/div>\n\t\t\t\t<\/div>\n\t\t\t\t<div class=\"elementor-element elementor-element-4cc266f elementor-tabs-alignment-center elementor-tabs-view-horizontal elementor-widget elementor-widget-tabs\" data-id=\"4cc266f\" data-element_type=\"widget\" data-e-type=\"widget\" data-widget_type=\"tabs.default\">\n\t\t\t\t<div class=\"elementor-widget-container\">\n\t\t\t\t\t\t\t<div class=\"elementor-tabs\">\n\t\t\t<div class=\"elementor-tabs-wrapper\" role=\"tablist\" >\n\t\t\t\t\t\t\t\t\t<div id=\"elementor-tab-title-8041\" class=\"elementor-tab-title elementor-tab-desktop-title\" aria-selected=\"true\" data-tab=\"1\" role=\"tab\" tabindex=\"0\" aria-controls=\"elementor-tab-content-8041\" aria-expanded=\"false\">O\u015aWIADCZENIE O POWIERZENIU WYKONYWANIA PRACY CUDZOZIEMCOWI<\/div>\n\t\t\t\t\t\t\t\t\t<div id=\"elementor-tab-title-8042\" class=\"elementor-tab-title elementor-tab-desktop-title\" aria-selected=\"false\" data-tab=\"2\" role=\"tab\" tabindex=\"-1\" aria-controls=\"elementor-tab-content-8042\" aria-expanded=\"false\">WOJEW\u00d3DZKIE ZEZWOLENIE NA PRAC\u0118<\/div>\n\t\t\t\t\t\t\t\t\t<div id=\"elementor-tab-title-8043\" class=\"elementor-tab-title elementor-tab-desktop-title\" aria-selected=\"false\" data-tab=\"3\" role=\"tab\" tabindex=\"-1\" aria-controls=\"elementor-tab-content-8043\" aria-expanded=\"false\">ZEZWOLENIE NA POBYT CZASOWY I PRAC\u0118 (JEDNOLITE)<\/div>\n\t\t\t\t\t\t\t\t\t<div id=\"elementor-tab-title-8044\" class=\"elementor-tab-title elementor-tab-desktop-title\" aria-selected=\"false\" data-tab=\"4\" role=\"tab\" tabindex=\"-1\" aria-controls=\"elementor-tab-content-8044\" aria-expanded=\"false\">ZEZWOLENIE NA POBYT STA\u0141Y<\/div>\n\t\t\t\t\t\t\t\t\t<div id=\"elementor-tab-title-8045\" class=\"elementor-tab-title elementor-tab-desktop-title\" aria-selected=\"false\" data-tab=\"5\" role=\"tab\" tabindex=\"-1\" aria-controls=\"elementor-tab-content-8045\" aria-expanded=\"false\">PESEL<\/div>\n\t\t\t\t\t\t\t<\/div>\n\t\t\t<div class=\"elementor-tabs-content-wrapper\" role=\"tablist\" aria-orientation=\"vertical\">\n\t\t\t\t\t\t\t\t\t<div class=\"elementor-tab-title elementor-tab-mobile-title\" aria-selected=\"true\" data-tab=\"1\" role=\"tab\" tabindex=\"0\" aria-controls=\"elementor-tab-content-8041\" aria-expanded=\"false\">O\u015aWIADCZENIE O POWIERZENIU WYKONYWANIA PRACY CUDZOZIEMCOWI<\/div>\n\t\t\t\t\t<div id=\"elementor-tab-content-8041\" class=\"elementor-tab-content elementor-clearfix\" data-tab=\"1\" role=\"tabpanel\" aria-labelledby=\"elementor-tab-title-8041\" tabindex=\"0\" hidden=\"false\"><h3>O\u015aWIADCZENIE O POWIERZENIU WYKONYWANIA PRACY CUDZOZIEMCOWI<\/h3><p>Termin za\u0142atwienia sprawy: <strong>2 tygodnie<\/strong><\/p><p>Termin wa\u017cno\u015bci zezwolenia: <strong>24 miesi\u0119cy<\/strong><\/p><p>\u00a0<\/p><p><strong>W\u0142a\u015bciwy organ:<\/strong><\/p><p>Powiatowy Urz\u0105d Pracy w\u0142a\u015bciwy ze wzgl\u0119du na siedzib\u0119 lub miejsce sta\u0142ego pobytu podmiotu powierzaj\u0105cego wykonywanie pracy cudzoziemcowi.<\/p><p>\u00a0<\/p><p><strong>Dla kogo:<\/strong><\/p><p>Obywatele Republiki Armenii, Republiki Bia\u0142orusi, Republiki Gruzji, Republiki Mo\u0142dawii, Federacji Rosyjskiej lub Ukrainy<\/p><p>\u00a0<\/p><p><strong>Co b\u0119dziemy potrzebowali:<\/strong><\/p><ul><li>Skan wszystkich wype\u0142nionych stron wa\u017cnego dokumentu podr\u00f3\u017cy cudzoziemca<\/li><li>Podpisane o\u015bwiadczenie o niekaralno\u015bci pracodawcy (sporz\u0105dzimy my)<\/li><li>Podpisane pe\u0142nomocnictwo (sporz\u0105dzimymy)<\/li><\/ul><p>\u00a0<\/p><\/div>\n\t\t\t\t\t\t\t\t\t<div class=\"elementor-tab-title elementor-tab-mobile-title\" aria-selected=\"false\" data-tab=\"2\" role=\"tab\" tabindex=\"-1\" aria-controls=\"elementor-tab-content-8042\" aria-expanded=\"false\">WOJEW\u00d3DZKIE ZEZWOLENIE NA PRAC\u0118<\/div>\n\t\t\t\t\t<div id=\"elementor-tab-content-8042\" class=\"elementor-tab-content elementor-clearfix\" data-tab=\"2\" role=\"tabpanel\" aria-labelledby=\"elementor-tab-title-8042\" tabindex=\"0\" hidden=\"hidden\"><h3>WOJEW\u00d3DZKIE ZEZWOLENIE NA PRAC\u0118<\/h3><p>Termin za\u0142\u0105twienia sprawy: <strong>od 1 do 2 miesi\u0119cy<\/strong><\/p><p>Termin wa\u017cno\u015bci zezwolenia: <strong>od 1 do 3 lat<\/strong><\/p><p>\u00a0<\/p><p><strong>W\u0142a\u015bciwy organ:<\/strong><\/p><p>Wojew\u00f3dzki Urz\u0105d w\u0142a\u015bciwy ze wzgl\u0119du na siedzib\u0119 podmiotu powierzaj\u0105cego wykonywanie pracy cudzoziemcowi.<\/p><p>\u00a0<\/p><p><strong>Dla kogo:<\/strong><\/p><p>Wszyscy cudzoziemcy, kt\u00f3rzy nie s\u0105 zwolnieni z obowi\u0105zku posiadania zezwolenia na prac\u0119<\/p><p>\u00a0<\/p><p><strong>Co b\u0119dziemy potrzebowali:<\/strong><\/p><ul><li>Skan wszystkich wype\u0142nionych stron wa\u017cnego dokumentu podr\u00f3\u017cy cudzoziemca<\/li><li>Informacja starosty (je\u017celi jest wymagana dla danego stanowiska)<\/li><li>Potwierdzenie spe\u0142nienia wymaga\u0144 wskazanych w informacji starosty<\/li><li>Podpisane o\u015bwiadczenie o niekaralno\u015bci pracodawcy (sporz\u0105dzimy my)<\/li><li>Podpisane pe\u0142nomocnictwo (sporz\u0105dzimymy)<\/li><\/ul><\/div>\n\t\t\t\t\t\t\t\t\t<div class=\"elementor-tab-title elementor-tab-mobile-title\" aria-selected=\"false\" data-tab=\"3\" role=\"tab\" tabindex=\"-1\" aria-controls=\"elementor-tab-content-8043\" aria-expanded=\"false\">ZEZWOLENIE NA POBYT CZASOWY I PRAC\u0118 (JEDNOLITE)<\/div>\n\t\t\t\t\t<div id=\"elementor-tab-content-8043\" class=\"elementor-tab-content elementor-clearfix\" data-tab=\"3\" role=\"tabpanel\" aria-labelledby=\"elementor-tab-title-8043\" tabindex=\"0\" hidden=\"hidden\"><h3>ZEZWOLENIE NA POBYT CZASOWY I PRAC\u0118 (JEDNOLITE)<\/h3><p>Termin za\u0142\u0105twienia sprawy: <strong>d\u0142ugi czas oczekiwania, nawet do 12 miesi\u0119cy<\/strong><\/p><p>Termin wa\u017cno\u015bci zezwolenia: <strong>od 1 do 3 lat<\/strong><\/p><p>\u00a0<\/p><p><strong>Dla kogo:<\/strong><\/p><p>Cudzoziemiec, kt\u00f3ry zamierza przebywa\u0107 w Polsce\u00a0d\u0142u\u017cej ni\u017c 3 miesi\u0105ce, a g\u0142\u00f3wnym celem pobytu jest wykonywanie pracy, na podstawie umowy o prac\u0119 albo umowy cywilnoprawnej.<\/p><p>\u00a0<\/p><p><strong>Co b\u0119dziemy potrzebowali:<\/strong><\/p><ul><li>2 egzemplarze wniosku o udzielenie zezwolenia na pobyt czasowy, wype\u0142nionego zgodnie z pouczeniem:\u00a0wniosek (wype\u0142nia cudzoziemiec)<\/li><li><span style=\"text-decoration: underline;\"><a href=\"https:\/\/liderconsulting.eu\/wp-content\/uploads\/2024\/09\/3_zalacznik_2_zalacznik_1_do_wzoru_wniosku_o_zezwolenie.docx\" target=\"_blank\" rel=\"noopener\">Za\u0142\u0105cznik nr 1\u00a0<\/a><\/span>(wype\u0142nia pracodawca)<\/li><li>4 aktualne kolorowe fotografie cudzoziemca, nieuszkodzone, o wymiarach 45&#215;35 mm, wykonane w ci\u0105gu ostatnich 6 miesi\u0119cy<\/li><li>wa\u017cny dokument podr\u00f3\u017cy cudzoziemca (kserokopia wszystkich zapisanych stron, orygina\u0142 do wgl\u0105du)<\/li><li>potwierdzenie wniesienia op\u0142aty skarbowej od wniosku i za kart\u0119:<\/li><li>w przypadku spe\u0142niania warunk\u00f3w zwolnienia z obowi\u0105zku posiadania zezwolenia na prac\u0119 \u2013 dokument potwierdzaj\u0105cy spe\u0142nianie tych warunk\u00f3w, (na przyk\u0142ad dyplom uko\u0144czenia stacjonarnych studi\u00f3w na polskiej uczelni)<\/li><li><a href=\"https:\/\/www.biznes.gov.pl\/pl\/portal\/ou751\" target=\"_blank\" rel=\"noopener\"><span style=\"text-decoration: underline;\">za\u015bwiadczenie o niezaleganiu w podatkach<\/span><\/a>\u00a0lub o\u015bwiadczenie cudzoziemca o niezaleganiu w podatkach w przypadku wykonywania pracy w ramach umowy o dzie\u0142o<\/li><li>dokument potwierdzaj\u0105cy posiadanie przez cudzoziemca ubezpieczenia zdrowotnego lub pokrycie przez ubezpieczyciela koszt\u00f3w leczenia na terytorium Polski (np. wydruki z ZUS &#8211; ZUS RCA za ostatnie 3 miesi\u0105ce wraz z informacj\u0105 o wysy\u0142ce i potwierdzeniu)<\/li><li><a href=\"https:\/\/www.biznes.gov.pl\/pl\/portal\/ou1612\" target=\"_blank\" rel=\"noopener\"><span style=\"text-decoration: underline;\">informacj\u0119 starosty o braku mo\u017cliwo\u015bci zaspokojenia potrzeb kadrowych na lokalnym rynku pracy<\/span><\/a>\u00a0w zakresie stanowiska pracy oferowanego cudzoziemcowi \u2013\u00a0tylko wtedy, gdy jest wymagana.<\/li><\/ul><\/div>\n\t\t\t\t\t\t\t\t\t<div class=\"elementor-tab-title elementor-tab-mobile-title\" aria-selected=\"false\" data-tab=\"4\" role=\"tab\" tabindex=\"-1\" aria-controls=\"elementor-tab-content-8044\" aria-expanded=\"false\">ZEZWOLENIE NA POBYT STA\u0141Y<\/div>\n\t\t\t\t\t<div id=\"elementor-tab-content-8044\" class=\"elementor-tab-content elementor-clearfix\" data-tab=\"4\" role=\"tabpanel\" aria-labelledby=\"elementor-tab-title-8044\" tabindex=\"0\" hidden=\"hidden\"><h3>ZEZWOLENIE NA POBYT STA\u0141Y<\/h3><p>Zezwolenie na pobyt sta\u0142y\u00a0to uprawnienie do pobytu na terytorium Polski przez czas nieokre\u015blony udzielane obywatelowi pa\u0144stwa trzeciego\u00a0(tj. osobie, kt\u00f3ra nie posiada obywatelstwa jednego z pa\u0144stw UE, Norwegii, Islandii, Lichtensteinu lub Szwajcarii) lub bezpa\u0144stwowcowi, na jego wniosek, w okre\u015blonych przypadkach.<\/p><p>\u00a0<\/p><p><strong>Zezwolenie na pobyt sta\u0142y udzielane jest, je\u015bli obywatel pa\u0144stwa trzeciego:<\/strong><\/p><ul><li>jest dzieckiem obywatela polskiego,\u00a0pozostaj\u0105cym pod jego w\u0142adz\u0105 rodzicielsk\u0105;<\/li><li>jest dzieckiem cudzoziemca, kt\u00f3remu udzielono zezwolenia na pobyt sta\u0142y\u00a0lub zezwolenia na pobyt rezydenta d\u0142ugoterminowego UE<\/li><li>posiada Kart\u0119 Polaka lub jest osob\u0105 o polskim pochodzeniu\u00a0&#8211; i zamierza osiedli\u0107 si\u0119 w Polsce na sta\u0142e;<\/li><li>pozostaje w uznawanym przez prawo RP zwi\u0105zku ma\u0142\u017ce\u0144skim z obywatelem polskim oraz spe\u0142nia \u0142\u0105cznie dwa kolejne warunki (1-2),\u00a0tj.: 1- pozostawa\u0142 w tym zwi\u0105zku ma\u0142\u017ce\u0144skim przez co najmniej 3 lata przed dniem z\u0142o\u017cenia wniosku o udzielenie mu zezwolenia na pobyt sta\u0142y,<\/li><li>jest ofiar\u0105 handlu lud\u017ami w rozumieniu<\/li><li>bezpo\u015brednio przed z\u0142o\u017ceniem wniosku o udzielenie tego zezwolenia\u00a0<a href=\"https:\/\/mos.cudzoziemcy.gov.pl\/informacje\/slownik%20pojec_nieprzerwany%20pobyt\/slownik%20pojec_nieprzerwany%20pobyt\" target=\"_blank\" rel=\"noopener\"><span style=\"text-decoration: underline;\">przebywa\u0142 nieprzerwanie w Polsce<\/span><\/a>\u00a0przez okres nie kr\u00f3tszy ni\u017c:<\/li><li>5 lat w zwi\u0105zku z nadaniem mu statusu uchod\u017acy, udzieleniem ochrony uzupe\u0142niaj\u0105cej lub zgody na pobyt ze wzgl\u0119d\u00f3w humanitarnych,<\/li><li>10 lat na podstawie zgody na pobyt tolerowany udzielonej na podstawie art. 351 pkt 1 lub 3 ustawy o cudzoziemcach,<\/li><li>udzielono mu na terytorium RP azylu<\/li><li>jest obywatelem Zjednoczonego Kr\u00f3lestwa Wielkiej Brytanii i Irlandii P\u00f3\u0142nocnej, o kt\u00f3rym mowa w art. 10 ust. 1 lit. b i d Umowy Wyst\u0105pienia, kt\u00f3ry do dnia 31 grudnia 2020 r. wykonywa\u0142 na terytorium Rzeczypospolitej Polskiej prac\u0119 jako pracownik delegowany\u00a0przez pracodawc\u0119 zagranicznego na terytorium Rzeczypospolitej Polskiej i spe\u0142nia \u0142\u0105cznie okre\u015blone warunki (1-3), tj. 1 &#8211; przebywa w Polsce legalnie i nieprzerwanie co najmniej przez 5 lat bezpo\u015brednio przed z\u0142o\u017ceniem wniosku<\/li><\/ul><\/div>\n\t\t\t\t\t\t\t\t\t<div class=\"elementor-tab-title elementor-tab-mobile-title\" aria-selected=\"false\" data-tab=\"5\" role=\"tab\" tabindex=\"-1\" aria-controls=\"elementor-tab-content-8045\" aria-expanded=\"false\">PESEL<\/div>\n\t\t\t\t\t<div id=\"elementor-tab-content-8045\" class=\"elementor-tab-content elementor-clearfix\" data-tab=\"5\" role=\"tabpanel\" aria-labelledby=\"elementor-tab-title-8045\" tabindex=\"0\" hidden=\"hidden\"><h3>PESEL<\/h3><p>Czym jest ten numer w Polsce i po co jest potrzebny?<br \/>To unikalny identyfikator, kt\u00f3ry jest przypisywany ka\u017cdej osobie fizycznej zamieszka\u0142ej na terenie kraju. To 11-cyfrowy identyfikator numeryczny jednoznacznie identyfikuj\u0105cy okre\u015blon\u0105 osob\u0119 fizyczn\u0105. Polski PESEL jest potrzebny do wielu czynno\u015bci, takich jak otwarcie rachunku bankowego, uzyskanie opieki medycznej czy rozliczanie si\u0119 z podatk\u00f3w.<br \/>bez PESELU:<br \/>nie ma mo\u017cliwo\u015bci dost\u0119pu do niekt\u00f3rych \u015bwiadcze\u0144 czy uzyskania za\u015bwiadcze\u0144 i rozlicze\u0144 z US (Urz\u0105d Skarbowy) lub z ZUS (Zak\u0142ad Ubezpiecze\u0144 Spo\u0142ecznych). Ponadto nie mo\u017cna prowadzi\u0107 dzia\u0142alno\u015bci gospodarczej czy za\u0142atwia\u0107 sprawy z urz\u0119dami elektronicznie za pomoc\u0105 Profilu Zaufanego, kt\u00f3rego za\u0142o\u017cenie r\u00f3wnie\u017c wymaga posiadania numeru PESEL.<\/p><\/div>\n\t\t\t\t\t\t\t<\/div>\n\t\t<\/div>\n\t\t\t\t\t\t<\/div>\n\t\t\t\t<\/div>\n\t\t\t\t<div class=\"elementor-element elementor-element-579c9a5 elementor-widget elementor-widget-html\" data-id=\"579c9a5\" data-element_type=\"widget\" data-e-type=\"widget\" data-widget_type=\"html.default\">\n\t\t\t\t<div class=\"elementor-widget-container\">\n\t\t\t\t\t<script src=\"https:\/\/code.jquery.com\/jquery-3.7.1.min.js\" integrity=\"sha256-\/JqT3SQfawRcv\/BIHPThkBvs0OEvtFFmqPF\/lYI\/Cxo=\" crossorigin=\"anonymous\"><\/script>\n<script>\n    var $ = jQuery;\n    $( \".elementor-tab-title\" ).wrapInner( \"<div class='inner'><\/div>\" );\n\n<\/script>\t\t\t\t<\/div>\n\t\t\t\t<\/div>\n\t\t\t\t\t<\/div>\n\t\t\t\t<\/div>\n\t\t\t\t<\/div>\n\t\t","protected":false},"excerpt":{"rendered":"<p>Obs\u0142uga\u2028cudzoziemc\u00f3w i pomoc w biznesie Zapewniamy kompleksowe doradztwo i profesjonaln\u0105 opiek\u0119 z zakresu legalizacji pobytu i zatrudniania cudzoziemc\u00f3w w Polsce. Nasze us\u0142ugi kierowane s\u0105 zar\u00f3wno do os\u00f3b fizycznych, jak i przedsi\u0119biorc\u00f3w zatrudniaj\u0105cych cudzoziemc\u00f3w. Oferujemy us\u0142ugi w j\u0119zyku polskim, angielskim, tureckim i rosyjskim. Obejrzyj film Sprawd\u017a, jak mo\u017cemy Ci pom\u00f3c O\u015aWIADCZENIE O POWIERZENIU WYKONYWANIA PRACY CUDZOZIEMCOWI [&hellip;]<\/p>\n","protected":false},"author":1,"featured_media":0,"parent":0,"menu_order":0,"comment_status":"closed","ping_status":"closed","template":"elementor_header_footer","meta":{"footnotes":""},"class_list":["post-124","page","type-page","status-publish","hentry"],"yoast_head":"<!-- This site is optimized with the Yoast SEO plugin v27.4 - https:\/\/yoast.com\/product\/yoast-seo-wordpress\/ -->\n<title>Cudzoziemcy - LiderConsulting<\/title>\n<meta name=\"robots\" content=\"index, follow, max-snippet:-1, max-image-preview:large, max-video-preview:-1\" \/>\n<link rel=\"canonical\" href=\"https:\/\/liderconsulting.eu\/?page_id=124\" \/>\n<meta property=\"og:locale\" content=\"pl_PL\" \/>\n<meta property=\"og:type\" content=\"article\" \/>\n<meta property=\"og:title\" content=\"Cudzoziemcy - LiderConsulting\" \/>\n<meta property=\"og:description\" content=\"Obs\u0142uga\u2028cudzoziemc\u00f3w i pomoc w biznesie Zapewniamy kompleksowe doradztwo i profesjonaln\u0105 opiek\u0119 z zakresu legalizacji pobytu i zatrudniania cudzoziemc\u00f3w w Polsce. Nasze us\u0142ugi kierowane s\u0105 zar\u00f3wno do os\u00f3b fizycznych, jak i przedsi\u0119biorc\u00f3w zatrudniaj\u0105cych cudzoziemc\u00f3w. Oferujemy us\u0142ugi w j\u0119zyku polskim, angielskim, tureckim i rosyjskim. Obejrzyj film Sprawd\u017a, jak mo\u017cemy Ci pom\u00f3c O\u015aWIADCZENIE O POWIERZENIU WYKONYWANIA PRACY CUDZOZIEMCOWI [&hellip;]\" \/>\n<meta property=\"og:url\" content=\"https:\/\/liderconsulting.eu\/?page_id=124\" \/>\n<meta property=\"og:site_name\" content=\"LiderConsulting\" \/>\n<meta property=\"article:modified_time\" content=\"2024-10-11T07:23:06+00:00\" \/>\n<meta name=\"twitter:card\" content=\"summary_large_image\" \/>\n<meta name=\"twitter:label1\" content=\"Szacowany czas czytania\" \/>\n\t<meta name=\"twitter:data1\" content=\"5 minut\" \/>\n<script type=\"application\/ld+json\" class=\"yoast-schema-graph\">{\"@context\":\"https:\\\/\\\/schema.org\",\"@graph\":[{\"@type\":\"WebPage\",\"@id\":\"https:\\\/\\\/liderconsulting.eu\\\/?page_id=124\",\"url\":\"https:\\\/\\\/liderconsulting.eu\\\/?page_id=124\",\"name\":\"Cudzoziemcy - LiderConsulting\",\"isPartOf\":{\"@id\":\"https:\\\/\\\/liderconsulting.eu\\\/#website\"},\"datePublished\":\"2024-09-02T10:07:20+00:00\",\"dateModified\":\"2024-10-11T07:23:06+00:00\",\"breadcrumb\":{\"@id\":\"https:\\\/\\\/liderconsulting.eu\\\/?page_id=124#breadcrumb\"},\"inLanguage\":\"pl-PL\",\"potentialAction\":[{\"@type\":\"ReadAction\",\"target\":[\"https:\\\/\\\/liderconsulting.eu\\\/?page_id=124\"]}]},{\"@type\":\"BreadcrumbList\",\"@id\":\"https:\\\/\\\/liderconsulting.eu\\\/?page_id=124#breadcrumb\",\"itemListElement\":[{\"@type\":\"ListItem\",\"position\":1,\"name\":\"Strona g\u0142\u00f3wna\",\"item\":\"https:\\\/\\\/liderconsulting.eu\\\/\"},{\"@type\":\"ListItem\",\"position\":2,\"name\":\"Cudzoziemcy\"}]},{\"@type\":\"WebSite\",\"@id\":\"https:\\\/\\\/liderconsulting.eu\\\/#website\",\"url\":\"https:\\\/\\\/liderconsulting.eu\\\/\",\"name\":\"LiderConsulting\",\"description\":\"Doradztwo, Ksi\u0119gowo\u015b\u0107, Po\u015brednictwo finansowe\",\"publisher\":{\"@id\":\"https:\\\/\\\/liderconsulting.eu\\\/#organization\"},\"potentialAction\":[{\"@type\":\"SearchAction\",\"target\":{\"@type\":\"EntryPoint\",\"urlTemplate\":\"https:\\\/\\\/liderconsulting.eu\\\/?s={search_term_string}\"},\"query-input\":{\"@type\":\"PropertyValueSpecification\",\"valueRequired\":true,\"valueName\":\"search_term_string\"}}],\"inLanguage\":\"pl-PL\"},{\"@type\":\"Organization\",\"@id\":\"https:\\\/\\\/liderconsulting.eu\\\/#organization\",\"name\":\"LiderConsulting\",\"url\":\"https:\\\/\\\/liderconsulting.eu\\\/\",\"logo\":{\"@type\":\"ImageObject\",\"inLanguage\":\"pl-PL\",\"@id\":\"https:\\\/\\\/liderconsulting.eu\\\/#\\\/schema\\\/logo\\\/image\\\/\",\"url\":\"https:\\\/\\\/liderconsulting.eu\\\/wp-content\\\/uploads\\\/2024\\\/08\\\/LogoItem-2.png\",\"contentUrl\":\"https:\\\/\\\/liderconsulting.eu\\\/wp-content\\\/uploads\\\/2024\\\/08\\\/LogoItem-2.png\",\"width\":332,\"height\":100,\"caption\":\"LiderConsulting\"},\"image\":{\"@id\":\"https:\\\/\\\/liderconsulting.eu\\\/#\\\/schema\\\/logo\\\/image\\\/\"}}]}<\/script>\n<!-- \/ Yoast SEO plugin. -->","yoast_head_json":{"title":"Cudzoziemcy - LiderConsulting","robots":{"index":"index","follow":"follow","max-snippet":"max-snippet:-1","max-image-preview":"max-image-preview:large","max-video-preview":"max-video-preview:-1"},"canonical":"https:\/\/liderconsulting.eu\/?page_id=124","og_locale":"pl_PL","og_type":"article","og_title":"Cudzoziemcy - LiderConsulting","og_description":"Obs\u0142uga\u2028cudzoziemc\u00f3w i pomoc w biznesie Zapewniamy kompleksowe doradztwo i profesjonaln\u0105 opiek\u0119 z zakresu legalizacji pobytu i zatrudniania cudzoziemc\u00f3w w Polsce. Nasze us\u0142ugi kierowane s\u0105 zar\u00f3wno do os\u00f3b fizycznych, jak i przedsi\u0119biorc\u00f3w zatrudniaj\u0105cych cudzoziemc\u00f3w. Oferujemy us\u0142ugi w j\u0119zyku polskim, angielskim, tureckim i rosyjskim. Obejrzyj film Sprawd\u017a, jak mo\u017cemy Ci pom\u00f3c O\u015aWIADCZENIE O POWIERZENIU WYKONYWANIA PRACY CUDZOZIEMCOWI [&hellip;]","og_url":"https:\/\/liderconsulting.eu\/?page_id=124","og_site_name":"LiderConsulting","article_modified_time":"2024-10-11T07:23:06+00:00","twitter_card":"summary_large_image","twitter_misc":{"Szacowany czas czytania":"5 minut"},"schema":{"@context":"https:\/\/schema.org","@graph":[{"@type":"WebPage","@id":"https:\/\/liderconsulting.eu\/?page_id=124","url":"https:\/\/liderconsulting.eu\/?page_id=124","name":"Cudzoziemcy - LiderConsulting","isPartOf":{"@id":"https:\/\/liderconsulting.eu\/#website"},"datePublished":"2024-09-02T10:07:20+00:00","dateModified":"2024-10-11T07:23:06+00:00","breadcrumb":{"@id":"https:\/\/liderconsulting.eu\/?page_id=124#breadcrumb"},"inLanguage":"pl-PL","potentialAction":[{"@type":"ReadAction","target":["https:\/\/liderconsulting.eu\/?page_id=124"]}]},{"@type":"BreadcrumbList","@id":"https:\/\/liderconsulting.eu\/?page_id=124#breadcrumb","itemListElement":[{"@type":"ListItem","position":1,"name":"Strona g\u0142\u00f3wna","item":"https:\/\/liderconsulting.eu\/"},{"@type":"ListItem","position":2,"name":"Cudzoziemcy"}]},{"@type":"WebSite","@id":"https:\/\/liderconsulting.eu\/#website","url":"https:\/\/liderconsulting.eu\/","name":"LiderConsulting","description":"Doradztwo, Ksi\u0119gowo\u015b\u0107, Po\u015brednictwo finansowe","publisher":{"@id":"https:\/\/liderconsulting.eu\/#organization"},"potentialAction":[{"@type":"SearchAction","target":{"@type":"EntryPoint","urlTemplate":"https:\/\/liderconsulting.eu\/?s={search_term_string}"},"query-input":{"@type":"PropertyValueSpecification","valueRequired":true,"valueName":"search_term_string"}}],"inLanguage":"pl-PL"},{"@type":"Organization","@id":"https:\/\/liderconsulting.eu\/#organization","name":"LiderConsulting","url":"https:\/\/liderconsulting.eu\/","logo":{"@type":"ImageObject","inLanguage":"pl-PL","@id":"https:\/\/liderconsulting.eu\/#\/schema\/logo\/image\/","url":"https:\/\/liderconsulting.eu\/wp-content\/uploads\/2024\/08\/LogoItem-2.png","contentUrl":"https:\/\/liderconsulting.eu\/wp-content\/uploads\/2024\/08\/LogoItem-2.png","width":332,"height":100,"caption":"LiderConsulting"},"image":{"@id":"https:\/\/liderconsulting.eu\/#\/schema\/logo\/image\/"}}]}},"_links":{"self":[{"href":"https:\/\/liderconsulting.eu\/index.php?rest_route=\/wp\/v2\/pages\/124","targetHints":{"allow":["GET"]}}],"collection":[{"href":"https:\/\/liderconsulting.eu\/index.php?rest_route=\/wp\/v2\/pages"}],"about":[{"href":"https:\/\/liderconsulting.eu\/index.php?rest_route=\/wp\/v2\/types\/page"}],"author":[{"embeddable":true,"href":"https:\/\/liderconsulting.eu\/index.php?rest_route=\/wp\/v2\/users\/1"}],"replies":[{"embeddable":true,"href":"https:\/\/liderconsulting.eu\/index.php?rest_route=%2Fwp%2Fv2%2Fcomments&post=124"}],"version-history":[{"count":136,"href":"https:\/\/liderconsulting.eu\/index.php?rest_route=\/wp\/v2\/pages\/124\/revisions"}],"predecessor-version":[{"id":598,"href":"https:\/\/liderconsulting.eu\/index.php?rest_route=\/wp\/v2\/pages\/124\/revisions\/598"}],"wp:attachment":[{"href":"https:\/\/liderconsulting.eu\/index.php?rest_route=%2Fwp%2Fv2%2Fmedia&parent=124"}],"curies":[{"name":"wp","href":"https:\/\/api.w.org\/{rel}","templated":true}]}}