{"id":234,"date":"2024-09-03T07:44:24","date_gmt":"2024-09-03T07:44:24","guid":{"rendered":"https:\/\/liderconsulting.skydoo.com.pl\/?page_id=234"},"modified":"2024-09-10T12:09:04","modified_gmt":"2024-09-10T12:09:04","slug":"cennik","status":"publish","type":"page","link":"https:\/\/liderconsulting.eu\/?page_id=234","title":{"rendered":"Cennik"},"content":{"rendered":"\t\t<div data-elementor-type=\"wp-page\" data-elementor-id=\"234\" class=\"elementor elementor-234\" data-elementor-post-type=\"page\">\n\t\t\t\t<div class=\"elementor-element elementor-element-11c89cc e-flex e-con-boxed e-con e-parent\" data-id=\"11c89cc\" data-element_type=\"container\" data-e-type=\"container\" data-settings=\"{&quot;background_background&quot;:&quot;classic&quot;}\">\n\t\t\t\t\t<div class=\"e-con-inner\">\n\t\t\t\t<div class=\"elementor-element elementor-element-a5c7b55 elementor-widget elementor-widget-heading\" data-id=\"a5c7b55\" data-element_type=\"widget\" data-e-type=\"widget\" data-widget_type=\"heading.default\">\n\t\t\t\t<div class=\"elementor-widget-container\">\n\t\t\t\t\t<h1 class=\"elementor-heading-title elementor-size-default\">Cennik\u2028<br>wa\u017cny od 1 stycznia 2024 r<\/h1>\t\t\t\t<\/div>\n\t\t\t\t<\/div>\n\t\t\t\t<div class=\"elementor-element elementor-element-ad21863 elementor-widget elementor-widget-text-editor\" data-id=\"ad21863\" data-element_type=\"widget\" data-e-type=\"widget\" data-widget_type=\"text-editor.default\">\n\t\t\t\t<div class=\"elementor-widget-container\">\n\t\t\t\t\t\t\t\t\t<p>Przedstawiony cennik nie stanowi oferty w rozumieniu art. 66 Kodeksu cywilnego. S\u0142u\u017cy jedynie do wyliczenia szacunkowych koszt\u00f3w wsp\u00f3\u0142pracy z naszym biurem. Podane ceny us\u0142ug s\u0105 cenami netto i nie uwzgl\u0119dniaj\u0105 podatku VAT<\/p>\t\t\t\t\t\t\t\t<\/div>\n\t\t\t\t<\/div>\n\t\t\t\t\t<\/div>\n\t\t\t\t<\/div>\n\t\t<div class=\"elementor-element elementor-element-2e84cdb e-flex e-con-boxed e-con e-parent\" data-id=\"2e84cdb\" data-element_type=\"container\" data-e-type=\"container\">\n\t\t\t\t\t<div class=\"e-con-inner\">\n\t\t\t\t<div class=\"elementor-element elementor-element-c912f10 elementor-widget elementor-widget-heading\" data-id=\"c912f10\" data-element_type=\"widget\" data-e-type=\"widget\" data-widget_type=\"heading.default\">\n\t\t\t\t<div class=\"elementor-widget-container\">\n\t\t\t\t\t<h2 class=\"elementor-heading-title elementor-size-default\">KSI\u0118GI HANDLOWE<\/h2>\t\t\t\t<\/div>\n\t\t\t\t<\/div>\n\t\t\t\t<div class=\"elementor-element elementor-element-34a01e0 elementor-widget elementor-widget-text-editor\" data-id=\"34a01e0\" data-element_type=\"widget\" data-e-type=\"widget\" data-widget_type=\"text-editor.default\">\n\t\t\t\t<div class=\"elementor-widget-container\">\n\t\t\t\t\t\t\t\t\t<table>\n<tbody>\n<tr>\n<td>Liczba pozycji w ksi\u0119gach<\/td>\n<td>Cena<\/td>\n<\/tr>\n<tr>\n<td>Od 1 do 5 pozycji<\/td>\n<td>500,00 z\u0142\/mc<\/td>\n<\/tr>\n<tr>\n<td>od 6 do 10 pozycji<\/td>\n<td>600,00 z\u0142 \/mc<\/td>\n<\/tr>\n<tr>\n<td>od 11 do 20 pozycji<\/td>\n<td>800,00 z\u0142 \/mc<\/td>\n<\/tr>\n<tr>\n<td>od 21 do 30 pozycji<\/td>\n<td>1000,00 z\u0142 \/mc<\/td>\n<\/tr>\n<tr>\n<td>od 31 do 40 pozycji<\/td>\n<td>1200,00 z\u0142 \/mc<\/td>\n<\/tr>\n<tr>\n<td>od 41 do 50 pozycji<\/td>\n<td>1400,00 z\u0142 \/mc<\/td>\n<\/tr>\n<\/tbody>\n<\/table>\n<!-- DivTable.com -->\t\t\t\t\t\t\t\t<\/div>\n\t\t\t\t<\/div>\n\t\t\t\t<div class=\"elementor-element elementor-element-bdafe2d elementor-widget elementor-widget-text-editor\" data-id=\"bdafe2d\" data-element_type=\"widget\" data-e-type=\"widget\" data-widget_type=\"text-editor.default\">\n\t\t\t\t<div class=\"elementor-widget-container\">\n\t\t\t\t\t\t\t\t\t<p>Powy\u017cej 50 zapis\u00f3w \u2013 150 z\u0142 netto za ka\u017cde kolejne 10 pozycji<br \/>Powy\u017cej 100 zapis\u00f3w cena ustalana indywidualnie<\/p>\t\t\t\t\t\t\t\t<\/div>\n\t\t\t\t<\/div>\n\t\t\t\t<div class=\"elementor-element elementor-element-9636dc9 elementor-widget elementor-widget-heading\" data-id=\"9636dc9\" data-element_type=\"widget\" data-e-type=\"widget\" data-widget_type=\"heading.default\">\n\t\t\t\t<div class=\"elementor-widget-container\">\n\t\t\t\t\t<h2 class=\"elementor-heading-title elementor-size-default\">PODATKOWA KSI\u0118GA PRZYCHOD\u00d3W I ROZCHOD\u00d3W (KPiR ) ORAZ RYCZA\u0141T OD PRZYCHOD\u00d3W EWIDENCJONOWANYCH<\/h2>\t\t\t\t<\/div>\n\t\t\t\t<\/div>\n\t\t\t\t<div class=\"elementor-element elementor-element-42239ac elementor-widget elementor-widget-text-editor\" data-id=\"42239ac\" data-element_type=\"widget\" data-e-type=\"widget\" data-widget_type=\"text-editor.default\">\n\t\t\t\t<div class=\"elementor-widget-container\">\n\t\t\t\t\t\t\t\t\t<table><tbody><tr><td><strong>\u00a0Liczba zapis\u00f3w w KPiR<\/strong><\/td><td><strong>\u00a0Podatnik zwolniony z VAT<\/strong><\/td><td><strong>\u00a0P\u0142atnik VAT<\/strong><\/td><\/tr><tr><td>\u00a0do 10 zapis\u00f3w<\/td><td>\u00a0200,00zl \/mc<\/td><td>\u00a0300,00 z\u0142 \/mc<\/td><\/tr><tr><td>\u00a0do 20 zapis\u00f3w<\/td><td>\u00a0300,00 zl \/mc<\/td><td>\u00a0400,00 z\u0142 \/mc<\/td><\/tr><tr><td>\u00a0do 30 zapis\u00f3w<\/td><td>\u00a0400,00 zl\/mc<\/td><td>\u00a0500,00 z\u0142\/mc<\/td><\/tr><tr><td>\u00a0do 40 zapis\u00f3w<\/td><td>\u00a0500,00 zl \/mc<\/td><td>\u00a0600,00 z\u0142 \/mc<\/td><\/tr><tr><td>\u00a0do 50 zapis\u00f3w<\/td><td>\u00a0600,00 zl \/mc<\/td><td>\u00a0700,00 zl \/mc<\/td><\/tr><\/tbody><\/table>\t\t\t\t\t\t\t\t<\/div>\n\t\t\t\t<\/div>\n\t\t\t\t<div class=\"elementor-element elementor-element-a790973 elementor-widget elementor-widget-text-editor\" data-id=\"a790973\" data-element_type=\"widget\" data-e-type=\"widget\" data-widget_type=\"text-editor.default\">\n\t\t\t\t<div class=\"elementor-widget-container\">\n\t\t\t\t\t\t\t\t\t<p>Powy\u017cej 50 zapis\u00f3w \u2013 150 z\u0142 netto za ka\u017cde kolejne 10 pozycji<br \/>Powy\u017cej 100 zapis\u00f3w cena ustalana indywidualnie<\/p>\t\t\t\t\t\t\t\t<\/div>\n\t\t\t\t<\/div>\n\t\t\t\t<div class=\"elementor-element elementor-element-911a7e1 elementor-widget elementor-widget-heading\" data-id=\"911a7e1\" data-element_type=\"widget\" data-e-type=\"widget\" data-widget_type=\"heading.default\">\n\t\t\t\t<div class=\"elementor-widget-container\">\n\t\t\t\t\t<h2 class=\"elementor-heading-title elementor-size-default\">OBS\u0141UGA KADROWO-P\u0141ACOWA<\/h2>\t\t\t\t<\/div>\n\t\t\t\t<\/div>\n\t\t\t\t<div class=\"elementor-element elementor-element-b8774f0 elementor-widget elementor-widget-text-editor\" data-id=\"b8774f0\" data-element_type=\"widget\" data-e-type=\"widget\" data-widget_type=\"text-editor.default\">\n\t\t\t\t<div class=\"elementor-widget-container\">\n\t\t\t\t\t\t\t\t\t<table>\n<tbody>\n<tr>\n<td>Typ rozliczanej osoby&nbsp;<\/td>\n<td>&nbsp;Cena za osob\u0119<\/td>\n<\/tr>\n<tr>\n<td>&nbsp;Osoba zatrudniona na umow\u0119 zlecenie, o dzie\u0142o lub wsp&oacute;pracuj\u0105ca<\/td>\n<td>&nbsp;50 z\u0142\/ mc<\/td>\n<\/tr>\n<tr>\n<td>&nbsp;Osoba zatrudniona na umow\u0119 o prac\u0119<\/td>\n<td>&nbsp;100 z\u0142\/mc<\/td>\n<\/tr>\n<tr>\n<td>&nbsp;Wsp&oacute;lnicy sp&oacute;\u0142ek cywilnych i jednoosobowych sp&oacute;\u0142ek z ograniczon\u0105 odpowiedzialno\u015bci\u0105<\/td>\n<td>&nbsp;100 z\u0142\/mc<\/td>\n<\/tr>\n<tr>\n<td>&nbsp;W\u0142a\u015bciciel jednoosobowej dzia\u0142alno\u015bci<\/td>\n<td>&nbsp;W cenie sta\u0142ej obs\u0142ugi<\/td>\n<\/tr>\n<\/tbody>\n<\/table>\t\t\t\t\t\t\t\t<\/div>\n\t\t\t\t<\/div>\n\t\t\t\t<div class=\"elementor-element elementor-element-04f0dab elementor-widget elementor-widget-heading\" data-id=\"04f0dab\" data-element_type=\"widget\" data-e-type=\"widget\" data-widget_type=\"heading.default\">\n\t\t\t\t<div class=\"elementor-widget-container\">\n\t\t\t\t\t<h2 class=\"elementor-heading-title elementor-size-default\">DODATKOWE US\u0141UGI<\/h2>\t\t\t\t<\/div>\n\t\t\t\t<\/div>\n\t\t\t\t<div class=\"elementor-element elementor-element-27f7944 elementor-widget elementor-widget-text-editor\" data-id=\"27f7944\" data-element_type=\"widget\" data-e-type=\"widget\" data-widget_type=\"text-editor.default\">\n\t\t\t\t<div class=\"elementor-widget-container\">\n\t\t\t\t\t\t\t\t\t<table><tbody><tr style=\"height: 22px;\"><td style=\"height: 22px;\">Rodzaj us\u0142ugi\u00a0<\/td><td style=\"height: 22px;\">Cena<\/td><\/tr><tr style=\"height: 22px;\"><td style=\"height: 22px;\">Przechowywanie dokumentacji po zako\u0144czonym okresie rozliczeniowym<\/td><td style=\"height: 22px;\">100 z\u0142 rocznie za segregator<\/td><\/tr><tr style=\"height: 22px;\"><td style=\"height: 22px;\">Reprezentowanie klienta w urz\u0119dzie<\/td><td style=\"height: 22px;\">300 z\u0142 za ka\u017cd\u0105 godzin\u0119<\/td><\/tr><tr style=\"height: 22px;\"><td style=\"height: 22px;\">Sporz\u0105dzenie rocznego sprawozdania finansowego<\/td><td style=\"height: 22px;\">\u015arednia cena obs\u0142ugi z 12 miesi\u0119cy, nie mniej ni\u017c 1000 z\u0142<\/td><\/tr><tr style=\"height: 22px;\"><td style=\"height: 22px;\">Wysy\u0142ka JPK na \u017c\u0105danie urz\u0119du skarbowego (magazyn i inne)<\/td><td style=\"height: 22px;\">200 z\u0142 \/ JPK<\/td><\/tr><tr style=\"height: 22px;\"><td style=\"height: 22px;\">Rozliczenie PIT-u rocznego w\u0142a\u015bciciela<\/td><td style=\"height: 22px;\">W cenie sta\u0142ej obs\u0142ugi<\/td><\/tr><tr style=\"height: 22px;\"><td style=\"height: 22px;\">Roczne rozliczenie sk\u0142adki zdrowotnej<\/td><td style=\"height: 22px;\">200 z\u0142<\/td><\/tr><tr style=\"height: 22px;\"><td style=\"height: 22px;\">Rozliczenie remanentu<\/td><td style=\"height: 22px;\">5 z\u0142 \/pozycja<\/td><\/tr><tr style=\"height: 22px;\"><td style=\"height: 22px;\">Sporz\u0105dzenie deklaracji INTRASTAT<\/td><td style=\"height: 22px;\">Od 350 z\u0142<\/td><\/tr><tr style=\"height: 22px;\"><td style=\"height: 22px;\">Wystawienie faktury VAT, faktury koryguj\u0105cej, noty ksi\u0119gowej<\/td><td style=\"height: 22px;\">30 z\u0142 \/ szt.<\/td><\/tr><tr style=\"height: 22px;\"><td style=\"height: 22px;\">Wype\u0142nienie wniosku kredytowego, leasingowego<\/td><td style=\"height: 22px;\">200 z\u0142 \/ godzina<\/td><\/tr><tr style=\"height: 22px;\"><td style=\"height: 22px;\">Sk\u0142adanie korekt deklaracji ksi\u0119gowych powsta\u0142ych w wyniku b\u0142\u0119du klienta<\/td><td style=\"height: 22px;\">300 z\u0142 \/ deklaracja<\/td><\/tr><tr style=\"height: 62px;\"><td style=\"height: 62px;\">Wykonywanie innych (nie zdefiniowanych w umowie ) prac w imieniu klienta<\/td><td style=\"height: 62px;\"><p>\u00a0<\/p><p>200 z\u0142 za ka\u017cd\u0105 godzin\u0119<\/p><\/td><\/tr><tr style=\"height: 62px;\"><td style=\"height: 62px;\">Za\u015bwiadczenie o niezaleganiu US \/ ZUS<\/td><td style=\"height: 62px;\"><p>\u00a0<\/p><p>150 z\u0142 + op\u0142ata skarbowa<\/p><\/td><\/tr><tr style=\"height: 32px;\"><td style=\"height: 32px;\">Certyfikat rezydencji podatkowej<\/td><td style=\"height: 32px;\"><p>200 z\u0142 + op\u0142ata skarbowa<\/p><\/td><\/tr><tr style=\"height: 32.2px;\"><td style=\"height: 32.2px;\">Za\u015bwiadczenie A1<\/td><td style=\"height: 32.2px;\"><p>800 z\u0142<\/p><\/td><\/tr><tr style=\"height: 32px;\"><td style=\"height: 32px;\">Zmiany w CEiDG, NIP, VAT<\/td><td style=\"height: 32px;\"><p>200 z\u0142 za ka\u017cdy dokument<\/p><\/td><\/tr><tr style=\"height: 32px;\"><td style=\"height: 32px;\">Zmiany w KRS<\/td><td style=\"height: 32px;\"><p>Od 500 z\u0142<\/p><\/td><\/tr><\/tbody><\/table>\t\t\t\t\t\t\t\t<\/div>\n\t\t\t\t<\/div>\n\t\t\t\t<div class=\"elementor-element elementor-element-49dc630 elementor-widget elementor-widget-heading\" data-id=\"49dc630\" data-element_type=\"widget\" data-e-type=\"widget\" data-widget_type=\"heading.default\">\n\t\t\t\t<div class=\"elementor-widget-container\">\n\t\t\t\t\t<h2 class=\"elementor-heading-title elementor-size-default\">DOP\u0141ATY ZA OP\u00d3\u0179NIENIA W DOSTARCZANIU DOKUMENT\u00d3W<\/h2>\t\t\t\t<\/div>\n\t\t\t\t<\/div>\n\t\t\t\t<div class=\"elementor-element elementor-element-e292b0a elementor-widget elementor-widget-text-editor\" data-id=\"e292b0a\" data-element_type=\"widget\" data-e-type=\"widget\" data-widget_type=\"text-editor.default\">\n\t\t\t\t<div class=\"elementor-widget-container\">\n\t\t\t\t\t\t\t\t\t<table>\n<tbody>\n<tr style=\"height: 22px;\">\n<td style=\"height: 22px;\">Dop\u0142ata<\/td>\n<td style=\"height: 22px;\">Cena za osob\u0119<\/td>\n<\/tr>\n<tr style=\"height: 22px;\">\n<td style=\"height: 22px;\">50 % ceny<\/td>\n<td style=\"height: 22px;\">Przy dostarczeniu dokument&oacute;w od 11 do 15 dnia miesi\u0105ca po miesi\u0105cu rozliczanym<\/td>\n<\/tr>\n<tr style=\"height: 22.8px;\">\n<td style=\"height: 22.8px;\">100% ceny<\/td>\n<td style=\"height: 22.8px;\">Przy dostarczeniu dokument&oacute;w po 16-tym dniu miesi\u0105ca po miesi\u0105cu rozliczanym<\/td>\n<\/tr>\n<tr style=\"height: 22px;\">\n<td style=\"height: 22px;\">Uwagi:<\/td>\n<td style=\"height: 22px;\">Dostarczenie dokument&oacute;w po 16-tym dniu miesi\u0105ca mo\u017ce spowodowa\u0107, \u017ce cz\u0119\u015b\u0107 z nich zostanie zaksi\u0119gowana na kolejny okres rozliczeniowy<\/td>\n<\/tr>\n<\/tbody>\n<\/table>\t\t\t\t\t\t\t\t<\/div>\n\t\t\t\t<\/div>\n\t\t\t\t\t<\/div>\n\t\t\t\t<\/div>\n\t\t\t\t<\/div>\n\t\t","protected":false},"excerpt":{"rendered":"<p>Cennik\u2028wa\u017cny od 1 stycznia 2024 r Przedstawiony cennik nie stanowi oferty w rozumieniu art. 66 Kodeksu cywilnego. S\u0142u\u017cy jedynie do wyliczenia szacunkowych koszt\u00f3w wsp\u00f3\u0142pracy z naszym biurem. Podane ceny us\u0142ug s\u0105 cenami netto i nie uwzgl\u0119dniaj\u0105 podatku VAT KSI\u0118GI HANDLOWE Liczba pozycji w ksi\u0119gach Cena Od 1 do 5 pozycji 500,00 z\u0142\/mc od 6 do [&hellip;]<\/p>\n","protected":false},"author":1,"featured_media":0,"parent":0,"menu_order":0,"comment_status":"closed","ping_status":"closed","template":"elementor_header_footer","meta":{"footnotes":""},"class_list":["post-234","page","type-page","status-publish","hentry"],"yoast_head":"<!-- This site is optimized with the Yoast SEO plugin v27.4 - https:\/\/yoast.com\/product\/yoast-seo-wordpress\/ -->\n<title>Cennik - LiderConsulting<\/title>\n<meta name=\"robots\" content=\"index, follow, max-snippet:-1, max-image-preview:large, max-video-preview:-1\" \/>\n<link rel=\"canonical\" href=\"https:\/\/liderconsulting.eu\/?page_id=234\" \/>\n<meta property=\"og:locale\" content=\"pl_PL\" \/>\n<meta property=\"og:type\" content=\"article\" \/>\n<meta property=\"og:title\" content=\"Cennik - LiderConsulting\" \/>\n<meta property=\"og:description\" content=\"Cennik\u2028wa\u017cny od 1 stycznia 2024 r Przedstawiony cennik nie stanowi oferty w rozumieniu art. 66 Kodeksu cywilnego. S\u0142u\u017cy jedynie do wyliczenia szacunkowych koszt\u00f3w wsp\u00f3\u0142pracy z naszym biurem. Podane ceny us\u0142ug s\u0105 cenami netto i nie uwzgl\u0119dniaj\u0105 podatku VAT KSI\u0118GI HANDLOWE Liczba pozycji w ksi\u0119gach Cena Od 1 do 5 pozycji 500,00 z\u0142\/mc od 6 do [&hellip;]\" \/>\n<meta property=\"og:url\" content=\"https:\/\/liderconsulting.eu\/?page_id=234\" \/>\n<meta property=\"og:site_name\" content=\"LiderConsulting\" \/>\n<meta property=\"article:modified_time\" content=\"2024-09-10T12:09:04+00:00\" \/>\n<meta name=\"twitter:card\" content=\"summary_large_image\" \/>\n<meta name=\"twitter:label1\" content=\"Szacowany czas czytania\" \/>\n\t<meta name=\"twitter:data1\" content=\"2 minuty\" \/>\n<script type=\"application\/ld+json\" class=\"yoast-schema-graph\">{\"@context\":\"https:\\\/\\\/schema.org\",\"@graph\":[{\"@type\":\"WebPage\",\"@id\":\"https:\\\/\\\/liderconsulting.eu\\\/?page_id=234\",\"url\":\"https:\\\/\\\/liderconsulting.eu\\\/?page_id=234\",\"name\":\"Cennik - LiderConsulting\",\"isPartOf\":{\"@id\":\"https:\\\/\\\/liderconsulting.eu\\\/#website\"},\"datePublished\":\"2024-09-03T07:44:24+00:00\",\"dateModified\":\"2024-09-10T12:09:04+00:00\",\"breadcrumb\":{\"@id\":\"https:\\\/\\\/liderconsulting.eu\\\/?page_id=234#breadcrumb\"},\"inLanguage\":\"pl-PL\",\"potentialAction\":[{\"@type\":\"ReadAction\",\"target\":[\"https:\\\/\\\/liderconsulting.eu\\\/?page_id=234\"]}]},{\"@type\":\"BreadcrumbList\",\"@id\":\"https:\\\/\\\/liderconsulting.eu\\\/?page_id=234#breadcrumb\",\"itemListElement\":[{\"@type\":\"ListItem\",\"position\":1,\"name\":\"Strona g\u0142\u00f3wna\",\"item\":\"https:\\\/\\\/liderconsulting.eu\\\/\"},{\"@type\":\"ListItem\",\"position\":2,\"name\":\"Cennik\"}]},{\"@type\":\"WebSite\",\"@id\":\"https:\\\/\\\/liderconsulting.eu\\\/#website\",\"url\":\"https:\\\/\\\/liderconsulting.eu\\\/\",\"name\":\"LiderConsulting\",\"description\":\"Doradztwo, Ksi\u0119gowo\u015b\u0107, Po\u015brednictwo finansowe\",\"publisher\":{\"@id\":\"https:\\\/\\\/liderconsulting.eu\\\/#organization\"},\"potentialAction\":[{\"@type\":\"SearchAction\",\"target\":{\"@type\":\"EntryPoint\",\"urlTemplate\":\"https:\\\/\\\/liderconsulting.eu\\\/?s={search_term_string}\"},\"query-input\":{\"@type\":\"PropertyValueSpecification\",\"valueRequired\":true,\"valueName\":\"search_term_string\"}}],\"inLanguage\":\"pl-PL\"},{\"@type\":\"Organization\",\"@id\":\"https:\\\/\\\/liderconsulting.eu\\\/#organization\",\"name\":\"LiderConsulting\",\"url\":\"https:\\\/\\\/liderconsulting.eu\\\/\",\"logo\":{\"@type\":\"ImageObject\",\"inLanguage\":\"pl-PL\",\"@id\":\"https:\\\/\\\/liderconsulting.eu\\\/#\\\/schema\\\/logo\\\/image\\\/\",\"url\":\"https:\\\/\\\/liderconsulting.eu\\\/wp-content\\\/uploads\\\/2024\\\/08\\\/LogoItem-2.png\",\"contentUrl\":\"https:\\\/\\\/liderconsulting.eu\\\/wp-content\\\/uploads\\\/2024\\\/08\\\/LogoItem-2.png\",\"width\":332,\"height\":100,\"caption\":\"LiderConsulting\"},\"image\":{\"@id\":\"https:\\\/\\\/liderconsulting.eu\\\/#\\\/schema\\\/logo\\\/image\\\/\"}}]}<\/script>\n<!-- \/ Yoast SEO plugin. -->","yoast_head_json":{"title":"Cennik - LiderConsulting","robots":{"index":"index","follow":"follow","max-snippet":"max-snippet:-1","max-image-preview":"max-image-preview:large","max-video-preview":"max-video-preview:-1"},"canonical":"https:\/\/liderconsulting.eu\/?page_id=234","og_locale":"pl_PL","og_type":"article","og_title":"Cennik - LiderConsulting","og_description":"Cennik\u2028wa\u017cny od 1 stycznia 2024 r Przedstawiony cennik nie stanowi oferty w rozumieniu art. 66 Kodeksu cywilnego. S\u0142u\u017cy jedynie do wyliczenia szacunkowych koszt\u00f3w wsp\u00f3\u0142pracy z naszym biurem. Podane ceny us\u0142ug s\u0105 cenami netto i nie uwzgl\u0119dniaj\u0105 podatku VAT KSI\u0118GI HANDLOWE Liczba pozycji w ksi\u0119gach Cena Od 1 do 5 pozycji 500,00 z\u0142\/mc od 6 do [&hellip;]","og_url":"https:\/\/liderconsulting.eu\/?page_id=234","og_site_name":"LiderConsulting","article_modified_time":"2024-09-10T12:09:04+00:00","twitter_card":"summary_large_image","twitter_misc":{"Szacowany czas czytania":"2 minuty"},"schema":{"@context":"https:\/\/schema.org","@graph":[{"@type":"WebPage","@id":"https:\/\/liderconsulting.eu\/?page_id=234","url":"https:\/\/liderconsulting.eu\/?page_id=234","name":"Cennik - LiderConsulting","isPartOf":{"@id":"https:\/\/liderconsulting.eu\/#website"},"datePublished":"2024-09-03T07:44:24+00:00","dateModified":"2024-09-10T12:09:04+00:00","breadcrumb":{"@id":"https:\/\/liderconsulting.eu\/?page_id=234#breadcrumb"},"inLanguage":"pl-PL","potentialAction":[{"@type":"ReadAction","target":["https:\/\/liderconsulting.eu\/?page_id=234"]}]},{"@type":"BreadcrumbList","@id":"https:\/\/liderconsulting.eu\/?page_id=234#breadcrumb","itemListElement":[{"@type":"ListItem","position":1,"name":"Strona g\u0142\u00f3wna","item":"https:\/\/liderconsulting.eu\/"},{"@type":"ListItem","position":2,"name":"Cennik"}]},{"@type":"WebSite","@id":"https:\/\/liderconsulting.eu\/#website","url":"https:\/\/liderconsulting.eu\/","name":"LiderConsulting","description":"Doradztwo, Ksi\u0119gowo\u015b\u0107, Po\u015brednictwo finansowe","publisher":{"@id":"https:\/\/liderconsulting.eu\/#organization"},"potentialAction":[{"@type":"SearchAction","target":{"@type":"EntryPoint","urlTemplate":"https:\/\/liderconsulting.eu\/?s={search_term_string}"},"query-input":{"@type":"PropertyValueSpecification","valueRequired":true,"valueName":"search_term_string"}}],"inLanguage":"pl-PL"},{"@type":"Organization","@id":"https:\/\/liderconsulting.eu\/#organization","name":"LiderConsulting","url":"https:\/\/liderconsulting.eu\/","logo":{"@type":"ImageObject","inLanguage":"pl-PL","@id":"https:\/\/liderconsulting.eu\/#\/schema\/logo\/image\/","url":"https:\/\/liderconsulting.eu\/wp-content\/uploads\/2024\/08\/LogoItem-2.png","contentUrl":"https:\/\/liderconsulting.eu\/wp-content\/uploads\/2024\/08\/LogoItem-2.png","width":332,"height":100,"caption":"LiderConsulting"},"image":{"@id":"https:\/\/liderconsulting.eu\/#\/schema\/logo\/image\/"}}]}},"_links":{"self":[{"href":"https:\/\/liderconsulting.eu\/index.php?rest_route=\/wp\/v2\/pages\/234","targetHints":{"allow":["GET"]}}],"collection":[{"href":"https:\/\/liderconsulting.eu\/index.php?rest_route=\/wp\/v2\/pages"}],"about":[{"href":"https:\/\/liderconsulting.eu\/index.php?rest_route=\/wp\/v2\/types\/page"}],"author":[{"embeddable":true,"href":"https:\/\/liderconsulting.eu\/index.php?rest_route=\/wp\/v2\/users\/1"}],"replies":[{"embeddable":true,"href":"https:\/\/liderconsulting.eu\/index.php?rest_route=%2Fwp%2Fv2%2Fcomments&post=234"}],"version-history":[{"count":40,"href":"https:\/\/liderconsulting.eu\/index.php?rest_route=\/wp\/v2\/pages\/234\/revisions"}],"predecessor-version":[{"id":545,"href":"https:\/\/liderconsulting.eu\/index.php?rest_route=\/wp\/v2\/pages\/234\/revisions\/545"}],"wp:attachment":[{"href":"https:\/\/liderconsulting.eu\/index.php?rest_route=%2Fwp%2Fv2%2Fmedia&parent=234"}],"curies":[{"name":"wp","href":"https:\/\/api.w.org\/{rel}","templated":true}]}}