{"id":382,"date":"2024-09-04T07:03:59","date_gmt":"2024-09-04T07:03:59","guid":{"rendered":"https:\/\/liderconsulting.skydoo.com.pl\/?page_id=382"},"modified":"2024-10-11T07:37:16","modified_gmt":"2024-10-11T07:37:16","slug":"homepage","status":"publish","type":"page","link":"https:\/\/liderconsulting.eu\/?page_id=382&lang=en","title":{"rendered":"Homepage"},"content":{"rendered":"\t\t<div data-elementor-type=\"wp-page\" data-elementor-id=\"382\" class=\"elementor elementor-382\" data-elementor-post-type=\"page\">\n\t\t\t\t<div class=\"elementor-element elementor-element-6c4901d e-flex e-con-boxed e-con e-parent\" data-id=\"6c4901d\" data-element_type=\"container\" data-e-type=\"container\" data-settings=\"{&quot;background_background&quot;:&quot;classic&quot;}\">\n\t\t\t\t\t<div class=\"e-con-inner\">\n\t\t\t\t<div class=\"elementor-element elementor-element-dd01327 elementor-widget elementor-widget-heading\" data-id=\"dd01327\" data-element_type=\"widget\" data-e-type=\"widget\" data-widget_type=\"heading.default\">\n\t\t\t\t<div class=\"elementor-widget-container\">\n\t\t\t\t\t<h1 class=\"elementor-heading-title elementor-size-default\"><span style=\"text-transform: uppercase\">LiderConsulting<\/span><br>\u2028is a company with many years of experience.<\/h1>\t\t\t\t<\/div>\n\t\t\t\t<\/div>\n\t\t\t\t<div class=\"elementor-element elementor-element-1a5edc0 elementor-widget elementor-widget-text-editor\" data-id=\"1a5edc0\" data-element_type=\"widget\" data-e-type=\"widget\" data-widget_type=\"text-editor.default\">\n\t\t\t\t<div class=\"elementor-widget-container\">\n\t\t\t\t\t\t\t\t\t<p>Our team will provide you with not only comprehensive accounting services, but also advice and support in the field of financial planning and employment of non-citizens.<br \/>With us, you can focus on the development of your business, with the certainty that the financial affairs of your company are in the best hands.<br \/>Our offer is flexible and tailored to meet the individual needs of each client.<br \/>We have a license from the Ministry of Finance, liability insurance for our business and licensed accounting software enabling remote work.<br \/>Trust the professionals and choose our services.<br \/>COLLABORATE WITH US <\/p>\t\t\t\t\t\t\t\t<\/div>\n\t\t\t\t<\/div>\n\t\t\t\t\t<\/div>\n\t\t\t\t<\/div>\n\t\t<div class=\"elementor-element elementor-element-40dd51b e-con-full e-flex e-con e-parent\" data-id=\"40dd51b\" data-element_type=\"container\" data-e-type=\"container\">\n\t\t<div class=\"elementor-element elementor-element-ada73e5 e-con-full e-flex e-con e-child\" data-id=\"ada73e5\" data-element_type=\"container\" data-e-type=\"container\" data-settings=\"{&quot;background_background&quot;:&quot;classic&quot;}\">\n\t\t\t\t<div class=\"elementor-element elementor-element-a44e524 elementor-widget elementor-widget-heading\" data-id=\"a44e524\" data-element_type=\"widget\" data-e-type=\"widget\" data-widget_type=\"heading.default\">\n\t\t\t\t<div class=\"elementor-widget-container\">\n\t\t\t\t\t<h2 class=\"elementor-heading-title elementor-size-default\">GUIDANCE FOR BUSINESS OPERATIONS <\/h2>\t\t\t\t<\/div>\n\t\t\t\t<\/div>\n\t\t\t\t<div class=\"elementor-element elementor-element-3ddd9be elementor-widget elementor-widget-text-editor\" data-id=\"3ddd9be\" data-element_type=\"widget\" data-e-type=\"widget\" data-widget_type=\"text-editor.default\">\n\t\t\t\t<div class=\"elementor-widget-container\">\n\t\t\t\t\t\t\t\t\t<p>Comprehensive service related to the registration of companies, representative offices and branches (applications to the National Court Register, representation before offices)<\/p>\t\t\t\t\t\t\t\t<\/div>\n\t\t\t\t<\/div>\n\t\t\t\t<div class=\"elementor-element elementor-element-beac6db elementor-mobile-align-center elementor-widget elementor-widget-button\" data-id=\"beac6db\" data-element_type=\"widget\" data-e-type=\"widget\" data-widget_type=\"button.default\">\n\t\t\t\t<div class=\"elementor-widget-container\">\n\t\t\t\t\t\t\t\t\t<div class=\"elementor-button-wrapper\">\n\t\t\t\t\t<a class=\"elementor-button elementor-button-link elementor-size-sm\" href=\"https:\/\/liderconsulting.eu\/?page_id=478&#038;lang=en\">\n\t\t\t\t\t\t<span class=\"elementor-button-content-wrapper\">\n\t\t\t\t\t\t\t\t\t<span class=\"elementor-button-text\">Read more<\/span>\n\t\t\t\t\t<\/span>\n\t\t\t\t\t<\/a>\n\t\t\t\t<\/div>\n\t\t\t\t\t\t\t\t<\/div>\n\t\t\t\t<\/div>\n\t\t\t\t<\/div>\n\t\t<div class=\"elementor-element elementor-element-735d214 e-con-full e-flex e-con e-child\" data-id=\"735d214\" data-element_type=\"container\" data-e-type=\"container\" data-settings=\"{&quot;background_background&quot;:&quot;classic&quot;}\">\n\t\t\t\t<div class=\"elementor-element elementor-element-65db16f elementor-widget elementor-widget-heading\" data-id=\"65db16f\" data-element_type=\"widget\" data-e-type=\"widget\" data-widget_type=\"heading.default\">\n\t\t\t\t<div class=\"elementor-widget-container\">\n\t\t\t\t\t<h2 class=\"elementor-heading-title elementor-size-default\">ACCOUNTING<\/h2>\t\t\t\t<\/div>\n\t\t\t\t<\/div>\n\t\t\t\t<div class=\"elementor-element elementor-element-42d7b8a elementor-widget elementor-widget-text-editor\" data-id=\"42d7b8a\" data-element_type=\"widget\" data-e-type=\"widget\" data-widget_type=\"text-editor.default\">\n\t\t\t\t<div class=\"elementor-widget-container\">\n\t\t\t\t\t\t\t\t\t<p><span style=\"font-family: Calibri, sans-serif;\">It is a crucial part of financial management that ensures accurate and transparent information which is essential for making informed and strategic financial decisions.<\/span><\/p>\t\t\t\t\t\t\t\t<\/div>\n\t\t\t\t<\/div>\n\t\t\t\t<div class=\"elementor-element elementor-element-08ba305 elementor-mobile-align-center elementor-widget elementor-widget-button\" data-id=\"08ba305\" data-element_type=\"widget\" data-e-type=\"widget\" data-widget_type=\"button.default\">\n\t\t\t\t<div class=\"elementor-widget-container\">\n\t\t\t\t\t\t\t\t\t<div class=\"elementor-button-wrapper\">\n\t\t\t\t\t<a class=\"elementor-button elementor-button-link elementor-size-sm\" href=\"https:\/\/liderconsulting.eu\/?page_id=483&#038;lang=en\">\n\t\t\t\t\t\t<span class=\"elementor-button-content-wrapper\">\n\t\t\t\t\t\t\t\t\t<span class=\"elementor-button-text\">Read more<\/span>\n\t\t\t\t\t<\/span>\n\t\t\t\t\t<\/a>\n\t\t\t\t<\/div>\n\t\t\t\t\t\t\t\t<\/div>\n\t\t\t\t<\/div>\n\t\t\t\t<\/div>\n\t\t<div class=\"elementor-element elementor-element-27587c1 e-con-full e-flex e-con e-child\" data-id=\"27587c1\" data-element_type=\"container\" data-e-type=\"container\" data-settings=\"{&quot;background_background&quot;:&quot;classic&quot;}\">\n\t\t\t\t<div class=\"elementor-element elementor-element-8964991 elementor-widget elementor-widget-heading\" data-id=\"8964991\" data-element_type=\"widget\" data-e-type=\"widget\" data-widget_type=\"heading.default\">\n\t\t\t\t<div class=\"elementor-widget-container\">\n\t\t\t\t\t<h2 class=\"elementor-heading-title elementor-size-default\">FINANCIAL INTERMEDIATION<\/h2>\t\t\t\t<\/div>\n\t\t\t\t<\/div>\n\t\t\t\t<div class=\"elementor-element elementor-element-8cd6504 elementor-widget elementor-widget-text-editor\" data-id=\"8cd6504\" data-element_type=\"widget\" data-e-type=\"widget\" data-widget_type=\"text-editor.default\">\n\t\t\t\t<div class=\"elementor-widget-container\">\n\t\t\t\t\t\t\t\t\t<p>It offers a variety of services,such as financial advisory, loan assistance, investment management and brokerage services for capital market transactions.<\/p>\t\t\t\t\t\t\t\t<\/div>\n\t\t\t\t<\/div>\n\t\t\t\t<div class=\"elementor-element elementor-element-abebff5 elementor-mobile-align-center elementor-widget elementor-widget-button\" data-id=\"abebff5\" data-element_type=\"widget\" data-e-type=\"widget\" data-widget_type=\"button.default\">\n\t\t\t\t<div class=\"elementor-widget-container\">\n\t\t\t\t\t\t\t\t\t<div class=\"elementor-button-wrapper\">\n\t\t\t\t\t<a class=\"elementor-button elementor-button-link elementor-size-sm\" href=\"https:\/\/liderconsulting.eu\/?page_id=488&#038;lang=en\">\n\t\t\t\t\t\t<span class=\"elementor-button-content-wrapper\">\n\t\t\t\t\t\t\t\t\t<span class=\"elementor-button-text\">Read more<\/span>\n\t\t\t\t\t<\/span>\n\t\t\t\t\t<\/a>\n\t\t\t\t<\/div>\n\t\t\t\t\t\t\t\t<\/div>\n\t\t\t\t<\/div>\n\t\t\t\t<\/div>\n\t\t\t\t<\/div>\n\t\t<div class=\"elementor-element elementor-element-b9720df e-flex e-con-boxed e-con e-parent\" data-id=\"b9720df\" data-element_type=\"container\" data-e-type=\"container\">\n\t\t\t\t\t<div class=\"e-con-inner\">\n\t\t\t\t<div class=\"elementor-element elementor-element-f23517b elementor-widget elementor-widget-heading\" data-id=\"f23517b\" data-element_type=\"widget\" data-e-type=\"widget\" data-widget_type=\"heading.default\">\n\t\t\t\t<div class=\"elementor-widget-container\">\n\t\t\t\t\t<h3 class=\"elementor-heading-title elementor-size-default\">Professional approach.<\/h3>\t\t\t\t<\/div>\n\t\t\t\t<\/div>\n\t\t\t\t<div class=\"elementor-element elementor-element-1c0c648 elementor-widget elementor-widget-heading\" data-id=\"1c0c648\" data-element_type=\"widget\" data-e-type=\"widget\" data-widget_type=\"heading.default\">\n\t\t\t\t<div class=\"elementor-widget-container\">\n\t\t\t\t\t<h2 class=\"elementor-heading-title elementor-size-default\">Why you should trust us?<\/h2>\t\t\t\t<\/div>\n\t\t\t\t<\/div>\n\t\t\t\t<div class=\"elementor-element elementor-element-69720b8 trust-list elementor-icon-list--layout-traditional elementor-list-item-link-full_width elementor-widget elementor-widget-icon-list\" data-id=\"69720b8\" data-element_type=\"widget\" data-e-type=\"widget\" data-widget_type=\"icon-list.default\">\n\t\t\t\t<div class=\"elementor-widget-container\">\n\t\t\t\t\t\t\t<ul class=\"elementor-icon-list-items\">\n\t\t\t\t\t\t\t<li class=\"elementor-icon-list-item\">\n\t\t\t\t\t\t\t\t\t\t\t<span class=\"elementor-icon-list-icon\">\n\t\t\t\t\t\t\t<svg xmlns=\"http:\/\/www.w3.org\/2000\/svg\" width=\"70\" height=\"70\" viewBox=\"0 0 70 70\" fill=\"none\"><path d=\"M0 6C0 2.68629 2.68629 0 6 0H64C67.3137 0 70 2.68629 70 6V64C70 67.3137 67.3137 70 64 70H6C2.68629 70 0 67.3137 0 64V6Z\" fill=\"#2563EB\"><\/path><path d=\"M24 28.5V44.5C24.002 45.1624 24.266 45.7972 24.7344 46.2656C25.2028 46.734 25.8376 46.998 26.5 47H43.5C44.1624 46.998 44.7972 46.734 45.2656 46.2656C45.734 45.7972 45.998 45.1624 46 44.5V28.5\" stroke=\"white\" stroke-width=\"2\" stroke-linejoin=\"round\"><\/path><path d=\"M46.25 23H23.75C22.7835 23 22 23.7835 22 24.75V26.25C22 27.2165 22.7835 28 23.75 28H46.25C47.2165 28 48 27.2165 48 26.25V24.75C48 23.7835 47.2165 23 46.25 23Z\" stroke=\"white\" stroke-width=\"2\" stroke-linejoin=\"round\"><\/path><path d=\"M39 38L35 42L31 38\" stroke=\"white\" stroke-width=\"2\" stroke-linejoin=\"round\"><\/path><path d=\"M35 40.6181V33\" stroke=\"white\" stroke-width=\"2\" stroke-linejoin=\"round\"><\/path><\/svg>\t\t\t\t\t\t<\/span>\n\t\t\t\t\t\t\t\t\t\t<span class=\"elementor-icon-list-text\">We offer both remote and in-person services<\/span>\n\t\t\t\t\t\t\t\t\t<\/li>\n\t\t\t\t\t\t\t\t<li class=\"elementor-icon-list-item\">\n\t\t\t\t\t\t\t\t\t\t\t<span class=\"elementor-icon-list-icon\">\n\t\t\t\t\t\t\t<svg xmlns=\"http:\/\/www.w3.org\/2000\/svg\" width=\"70\" height=\"70\" viewBox=\"0 0 70 70\" fill=\"none\"><path d=\"M0 6C0 2.68629 2.68629 0 6 0H64C67.3137 0 70 2.68629 70 6V64C70 67.3137 67.3137 70 64 70H6C2.68629 70 0 67.3137 0 64V6Z\" fill=\"#2563EB\"><\/path><path fill-rule=\"evenodd\" clip-rule=\"evenodd\" d=\"M35 51C26.1634 51 19 43.8366 19 35C19 26.1634 26.1634 19 35 19C43.8366 19 51 26.1634 51 35C51 43.8366 43.8366 51 35 51ZM35 47.8C42.0692 47.8 47.8 42.0692 47.8 35C47.8 27.9308 42.0692 22.2 35 22.2C27.9308 22.2 22.2 27.9308 22.2 35C22.2 42.0692 27.9308 47.8 35 47.8ZM33.4 35.944L31.32 33.88V33.864C30.6814 33.3245 29.7351 33.3677 29.1481 33.963C28.5612 34.5583 28.5315 35.5051 29.08 36.136L32.28 39.336C32.9021 39.9458 33.8978 39.9458 34.52 39.336L40.92 32.936C41.4685 32.3051 41.4388 31.3583 40.8518 30.763C40.2649 30.1677 39.3186 30.1245 38.68 30.664L33.4 35.944Z\" fill=\"#D9D9D9\"><\/path><\/svg>\t\t\t\t\t\t<\/span>\n\t\t\t\t\t\t\t\t\t\t<span class=\"elementor-icon-list-text\">Authorization by the Ministry of Finance<\/span>\n\t\t\t\t\t\t\t\t\t<\/li>\n\t\t\t\t\t\t\t\t<li class=\"elementor-icon-list-item\">\n\t\t\t\t\t\t\t\t\t\t\t<span class=\"elementor-icon-list-icon\">\n\t\t\t\t\t\t\t<svg xmlns=\"http:\/\/www.w3.org\/2000\/svg\" width=\"70\" height=\"70\" viewBox=\"0 0 70 70\" fill=\"none\"><path d=\"M0 6C0 2.68629 2.68629 0 6 0H64C67.3137 0 70 2.68629 70 6V64C70 67.3137 67.3137 70 64 70H6C2.68629 70 0 67.3137 0 64V6Z\" fill=\"#2563EB\"><\/path><path d=\"M34.5 29.7387C38.0091 29.7387 40.8537 26.8941 40.8537 23.385C40.8537 19.8759 38.0091 17.0312 34.5 17.0312C30.9909 17.0312 28.1462 19.8759 28.1462 23.385C28.1462 26.8941 30.9909 29.7387 34.5 29.7387Z\" stroke=\"white\" stroke-width=\"2.88\" stroke-miterlimit=\"10\"><\/path><path d=\"M43.1775 35.345C48.4425 36.4175 51.9688 38.4812 51.9688 40.8537C51.9688 43.9575 45.81 46.5575 37.6688 47.0937\" stroke=\"white\" stroke-width=\"2.88\" stroke-miterlimit=\"10\"><\/path><path d=\"M25.8225 35.345C20.5575 36.4175 17.0312 38.4812 17.0312 40.8537C17.0312 44.1037 23.9863 46.8825 32.875 47.175\" stroke=\"white\" stroke-width=\"2.88\" stroke-miterlimit=\"10\"><\/path><path d=\"M28.1462 42.4463L32.9075 47.2075L28.1462 51.9688\" stroke=\"white\" stroke-width=\"2.88\" stroke-miterlimit=\"10\"><\/path><path d=\"M44.0225 40.8538V39.2288C44.0139 36.7089 43.0069 34.2951 41.222 32.5163C39.4371 30.7376 37.0199 29.7388 34.5 29.7388C31.9745 29.7388 29.5524 30.742 27.7666 32.5278C25.9808 34.3137 24.9775 36.7357 24.9775 39.2613V40.8863\" stroke=\"white\" stroke-width=\"2.88\" stroke-miterlimit=\"10\"><\/path><\/svg>\t\t\t\t\t\t<\/span>\n\t\t\t\t\t\t\t\t\t\t<span class=\"elementor-icon-list-text\">Third party liability insurance<\/span>\n\t\t\t\t\t\t\t\t\t<\/li>\n\t\t\t\t\t\t\t\t<li class=\"elementor-icon-list-item\">\n\t\t\t\t\t\t\t\t\t\t\t<span class=\"elementor-icon-list-icon\">\n\t\t\t\t\t\t\t<svg xmlns=\"http:\/\/www.w3.org\/2000\/svg\" width=\"70\" height=\"70\" viewBox=\"0 0 70 70\" fill=\"none\"><path d=\"M0 6C0 2.68629 2.68629 0 6 0H64C67.3137 0 70 2.68629 70 6V64C70 67.3137 67.3137 70 64 70H6C2.68629 70 0 67.3137 0 64V6Z\" fill=\"#2563EB\"><\/path><path d=\"M47 23H23C21.8954 23 21 23.8954 21 25V41C21 42.1046 21.8954 43 23 43H47C48.1046 43 49 42.1046 49 41V25C49 23.8954 48.1046 23 47 23Z\" stroke=\"white\" stroke-linejoin=\"round\"><\/path><path d=\"M38 47L37.5 43H32.5L32 47H38Z\" fill=\"white\" stroke=\"white\" stroke-linejoin=\"round\"><\/path><path d=\"M42 47H28\" stroke=\"white\" stroke-linejoin=\"round\"><\/path><path d=\"M21 38V41C21.0015 41.53 21.2127 42.0378 21.5874 42.4126C21.9622 42.7873 22.47 42.9985 23 43H47C47.53 42.9985 48.0378 42.7873 48.4126 42.4126C48.7873 42.0378 48.9985 41.53 49 41V38H21ZM35 42C34.8022 42 34.6089 41.9414 34.4444 41.8315C34.28 41.7216 34.1518 41.5654 34.0761 41.3827C34.0004 41.2 33.9806 40.9989 34.0192 40.8049C34.0578 40.6109 34.153 40.4327 34.2929 40.2929C34.4327 40.153 34.6109 40.0578 34.8049 40.0192C34.9989 39.9806 35.2 40.0004 35.3827 40.0761C35.5654 40.1518 35.7216 40.28 35.8315 40.4444C35.9414 40.6089 36 40.8022 36 41C36 41.2652 35.8946 41.5196 35.7071 41.7071C35.5196 41.8946 35.2652 42 35 42Z\" fill=\"white\"><\/path><\/svg>\t\t\t\t\t\t<\/span>\n\t\t\t\t\t\t\t\t\t\t<span class=\"elementor-icon-list-text\">Licensed accounting software<\/span>\n\t\t\t\t\t\t\t\t\t<\/li>\n\t\t\t\t\t\t<\/ul>\n\t\t\t\t\t\t<\/div>\n\t\t\t\t<\/div>\n\t\t\t\t\t<\/div>\n\t\t\t\t<\/div>\n\t\t\t\t<\/div>\n\t\t","protected":false},"excerpt":{"rendered":"<p>LiderConsulting\u2028is a company with many years of experience. Our team will provide you with not only comprehensive accounting services, but also advice and support in the field of financial planning and employment of non-citizens.With us, you can focus on the development of your business, with the certainty that the financial affairs of your company are [&hellip;]<\/p>\n","protected":false},"author":1,"featured_media":0,"parent":0,"menu_order":0,"comment_status":"closed","ping_status":"closed","template":"elementor_header_footer","meta":{"footnotes":""},"class_list":["post-382","page","type-page","status-publish","hentry"],"yoast_head":"<!-- This site is optimized with the Yoast SEO plugin v27.4 - https:\/\/yoast.com\/product\/yoast-seo-wordpress\/ -->\n<title>Homepage - LiderConsulting<\/title>\n<meta name=\"robots\" content=\"index, follow, max-snippet:-1, max-image-preview:large, max-video-preview:-1\" \/>\n<link rel=\"canonical\" href=\"https:\/\/liderconsulting.eu\/?page_id=382&lang=en\" \/>\n<meta property=\"og:locale\" content=\"pl_PL\" \/>\n<meta property=\"og:type\" content=\"article\" \/>\n<meta property=\"og:title\" content=\"Homepage - LiderConsulting\" \/>\n<meta property=\"og:description\" content=\"LiderConsulting\u2028is a company with many years of experience. Our team will provide you with not only comprehensive accounting services, but also advice and support in the field of financial planning and employment of non-citizens.With us, you can focus on the development of your business, with the certainty that the financial affairs of your company are [&hellip;]\" \/>\n<meta property=\"og:url\" content=\"https:\/\/liderconsulting.eu\/?page_id=382&amp;lang=en\" \/>\n<meta property=\"og:site_name\" content=\"LiderConsulting\" \/>\n<meta property=\"article:modified_time\" content=\"2024-10-11T07:37:16+00:00\" \/>\n<meta name=\"twitter:card\" content=\"summary_large_image\" \/>\n<meta name=\"twitter:label1\" content=\"Szacowany czas czytania\" \/>\n\t<meta name=\"twitter:data1\" content=\"1 minuta\" \/>\n<script type=\"application\/ld+json\" class=\"yoast-schema-graph\">{\"@context\":\"https:\\\/\\\/schema.org\",\"@graph\":[{\"@type\":\"WebPage\",\"@id\":\"https:\\\/\\\/liderconsulting.eu\\\/?page_id=382&lang=en\",\"url\":\"https:\\\/\\\/liderconsulting.eu\\\/?page_id=382&lang=en\",\"name\":\"Homepage - LiderConsulting\",\"isPartOf\":{\"@id\":\"https:\\\/\\\/liderconsulting.eu\\\/#website\"},\"datePublished\":\"2024-09-04T07:03:59+00:00\",\"dateModified\":\"2024-10-11T07:37:16+00:00\",\"breadcrumb\":{\"@id\":\"https:\\\/\\\/liderconsulting.eu\\\/?page_id=382&lang=en#breadcrumb\"},\"inLanguage\":\"pl-PL\",\"potentialAction\":[{\"@type\":\"ReadAction\",\"target\":[\"https:\\\/\\\/liderconsulting.eu\\\/?page_id=382&lang=en\"]}]},{\"@type\":\"BreadcrumbList\",\"@id\":\"https:\\\/\\\/liderconsulting.eu\\\/?page_id=382&lang=en#breadcrumb\",\"itemListElement\":[{\"@type\":\"ListItem\",\"position\":1,\"name\":\"Strona g\u0142\u00f3wna\",\"item\":\"https:\\\/\\\/liderconsulting.eu\\\/\"},{\"@type\":\"ListItem\",\"position\":2,\"name\":\"Homepage\"}]},{\"@type\":\"WebSite\",\"@id\":\"https:\\\/\\\/liderconsulting.eu\\\/#website\",\"url\":\"https:\\\/\\\/liderconsulting.eu\\\/\",\"name\":\"LiderConsulting\",\"description\":\"Doradztwo, Ksi\u0119gowo\u015b\u0107, Po\u015brednictwo finansowe\",\"publisher\":{\"@id\":\"https:\\\/\\\/liderconsulting.eu\\\/#organization\"},\"potentialAction\":[{\"@type\":\"SearchAction\",\"target\":{\"@type\":\"EntryPoint\",\"urlTemplate\":\"https:\\\/\\\/liderconsulting.eu\\\/?s={search_term_string}\"},\"query-input\":{\"@type\":\"PropertyValueSpecification\",\"valueRequired\":true,\"valueName\":\"search_term_string\"}}],\"inLanguage\":\"pl-PL\"},{\"@type\":\"Organization\",\"@id\":\"https:\\\/\\\/liderconsulting.eu\\\/#organization\",\"name\":\"LiderConsulting\",\"url\":\"https:\\\/\\\/liderconsulting.eu\\\/\",\"logo\":{\"@type\":\"ImageObject\",\"inLanguage\":\"pl-PL\",\"@id\":\"https:\\\/\\\/liderconsulting.eu\\\/#\\\/schema\\\/logo\\\/image\\\/\",\"url\":\"https:\\\/\\\/liderconsulting.eu\\\/wp-content\\\/uploads\\\/2024\\\/08\\\/LogoItem-2.png\",\"contentUrl\":\"https:\\\/\\\/liderconsulting.eu\\\/wp-content\\\/uploads\\\/2024\\\/08\\\/LogoItem-2.png\",\"width\":332,\"height\":100,\"caption\":\"LiderConsulting\"},\"image\":{\"@id\":\"https:\\\/\\\/liderconsulting.eu\\\/#\\\/schema\\\/logo\\\/image\\\/\"}}]}<\/script>\n<!-- \/ Yoast SEO plugin. -->","yoast_head_json":{"title":"Homepage - LiderConsulting","robots":{"index":"index","follow":"follow","max-snippet":"max-snippet:-1","max-image-preview":"max-image-preview:large","max-video-preview":"max-video-preview:-1"},"canonical":"https:\/\/liderconsulting.eu\/?page_id=382&lang=en","og_locale":"pl_PL","og_type":"article","og_title":"Homepage - LiderConsulting","og_description":"LiderConsulting\u2028is a company with many years of experience. Our team will provide you with not only comprehensive accounting services, but also advice and support in the field of financial planning and employment of non-citizens.With us, you can focus on the development of your business, with the certainty that the financial affairs of your company are [&hellip;]","og_url":"https:\/\/liderconsulting.eu\/?page_id=382&lang=en","og_site_name":"LiderConsulting","article_modified_time":"2024-10-11T07:37:16+00:00","twitter_card":"summary_large_image","twitter_misc":{"Szacowany czas czytania":"1 minuta"},"schema":{"@context":"https:\/\/schema.org","@graph":[{"@type":"WebPage","@id":"https:\/\/liderconsulting.eu\/?page_id=382&lang=en","url":"https:\/\/liderconsulting.eu\/?page_id=382&lang=en","name":"Homepage - LiderConsulting","isPartOf":{"@id":"https:\/\/liderconsulting.eu\/#website"},"datePublished":"2024-09-04T07:03:59+00:00","dateModified":"2024-10-11T07:37:16+00:00","breadcrumb":{"@id":"https:\/\/liderconsulting.eu\/?page_id=382&lang=en#breadcrumb"},"inLanguage":"pl-PL","potentialAction":[{"@type":"ReadAction","target":["https:\/\/liderconsulting.eu\/?page_id=382&lang=en"]}]},{"@type":"BreadcrumbList","@id":"https:\/\/liderconsulting.eu\/?page_id=382&lang=en#breadcrumb","itemListElement":[{"@type":"ListItem","position":1,"name":"Strona g\u0142\u00f3wna","item":"https:\/\/liderconsulting.eu\/"},{"@type":"ListItem","position":2,"name":"Homepage"}]},{"@type":"WebSite","@id":"https:\/\/liderconsulting.eu\/#website","url":"https:\/\/liderconsulting.eu\/","name":"LiderConsulting","description":"Doradztwo, Ksi\u0119gowo\u015b\u0107, Po\u015brednictwo finansowe","publisher":{"@id":"https:\/\/liderconsulting.eu\/#organization"},"potentialAction":[{"@type":"SearchAction","target":{"@type":"EntryPoint","urlTemplate":"https:\/\/liderconsulting.eu\/?s={search_term_string}"},"query-input":{"@type":"PropertyValueSpecification","valueRequired":true,"valueName":"search_term_string"}}],"inLanguage":"pl-PL"},{"@type":"Organization","@id":"https:\/\/liderconsulting.eu\/#organization","name":"LiderConsulting","url":"https:\/\/liderconsulting.eu\/","logo":{"@type":"ImageObject","inLanguage":"pl-PL","@id":"https:\/\/liderconsulting.eu\/#\/schema\/logo\/image\/","url":"https:\/\/liderconsulting.eu\/wp-content\/uploads\/2024\/08\/LogoItem-2.png","contentUrl":"https:\/\/liderconsulting.eu\/wp-content\/uploads\/2024\/08\/LogoItem-2.png","width":332,"height":100,"caption":"LiderConsulting"},"image":{"@id":"https:\/\/liderconsulting.eu\/#\/schema\/logo\/image\/"}}]}},"_links":{"self":[{"href":"https:\/\/liderconsulting.eu\/index.php?rest_route=\/wp\/v2\/pages\/382","targetHints":{"allow":["GET"]}}],"collection":[{"href":"https:\/\/liderconsulting.eu\/index.php?rest_route=\/wp\/v2\/pages"}],"about":[{"href":"https:\/\/liderconsulting.eu\/index.php?rest_route=\/wp\/v2\/types\/page"}],"author":[{"embeddable":true,"href":"https:\/\/liderconsulting.eu\/index.php?rest_route=\/wp\/v2\/users\/1"}],"replies":[{"embeddable":true,"href":"https:\/\/liderconsulting.eu\/index.php?rest_route=%2Fwp%2Fv2%2Fcomments&post=382"}],"version-history":[{"count":25,"href":"https:\/\/liderconsulting.eu\/index.php?rest_route=\/wp\/v2\/pages\/382\/revisions"}],"predecessor-version":[{"id":623,"href":"https:\/\/liderconsulting.eu\/index.php?rest_route=\/wp\/v2\/pages\/382\/revisions\/623"}],"wp:attachment":[{"href":"https:\/\/liderconsulting.eu\/index.php?rest_route=%2Fwp%2Fv2%2Fmedia&parent=382"}],"curies":[{"name":"wp","href":"https:\/\/api.w.org\/{rel}","templated":true}]}}