{"id":427,"date":"2024-09-04T09:15:32","date_gmt":"2024-09-04T09:15:32","guid":{"rendered":"https:\/\/liderconsulting.skydoo.com.pl\/?page_id=427"},"modified":"2024-10-11T07:38:50","modified_gmt":"2024-10-11T07:38:50","slug":"danisanlarimiz-i%cc%87ci%cc%87n-hi%cc%87zmetler","status":"publish","type":"page","link":"https:\/\/liderconsulting.eu\/?page_id=427&lang=tr","title":{"rendered":"Dani\u015fanlarimiz i\u0307\u00e7i\u0307n hi\u0307zmetler"},"content":{"rendered":"\t\t<div data-elementor-type=\"wp-page\" data-elementor-id=\"427\" class=\"elementor elementor-427\" data-elementor-post-type=\"page\">\n\t\t\t\t<div class=\"elementor-element elementor-element-a77296a e-flex e-con-boxed e-con e-parent\" data-id=\"a77296a\" data-element_type=\"container\" data-e-type=\"container\" data-settings=\"{&quot;background_background&quot;:&quot;classic&quot;}\">\n\t\t\t\t\t<div class=\"e-con-inner\">\n\t\t\t\t<div class=\"elementor-element elementor-element-b14c1d0 elementor-widget elementor-widget-heading\" data-id=\"b14c1d0\" data-element_type=\"widget\" data-e-type=\"widget\" data-widget_type=\"heading.default\">\n\t\t\t\t<div class=\"elementor-widget-container\">\n\t\t\t\t\t<h1 class=\"elementor-heading-title elementor-size-default\">DANI\u015eANLARIMIZ \u0130\u00c7\u0130N H\u0130ZMETLER <\/h1>\t\t\t\t<\/div>\n\t\t\t\t<\/div>\n\t\t\t\t<div class=\"elementor-element elementor-element-6a0e30f elementor-widget elementor-widget-text-editor\" data-id=\"6a0e30f\" data-element_type=\"widget\" data-e-type=\"widget\" data-widget_type=\"text-editor.default\">\n\t\t\t\t<div class=\"elementor-widget-container\">\n\t\t\t\t\t\t\t\t\t<p>Polonya&#8217;da yabanc\u0131lar\u0131n oturma izni ve istihdam\u0131 konusunda kapsaml\u0131 dan\u0131\u015fmanl\u0131k ve profesyonel destek sa\u011fl\u0131yoruz. Hizmetlerimiz, hem bireylere, hem de yabanc\u0131 i\u015f\u00e7i \u00e7al\u0131\u015ft\u0131ran giri\u015fimcilere y\u00f6neliktir. Leh\u00e7e, \u0130ngilizce ve T\u00fcrk\u00e7e dillerinde hizmet sunuyoruz.<\/p>\t\t\t\t\t\t\t\t<\/div>\n\t\t\t\t<\/div>\n\t\t\t\t<div class=\"elementor-element elementor-element-88b6f4e elementor-mobile-align-center elementor-widget elementor-widget-button\" data-id=\"88b6f4e\" data-element_type=\"widget\" data-e-type=\"widget\" data-widget_type=\"button.default\">\n\t\t\t\t<div class=\"elementor-widget-container\">\n\t\t\t\t\t\t\t\t\t<div class=\"elementor-button-wrapper\">\n\t\t\t\t\t<a class=\"elementor-button elementor-button-link elementor-size-sm\" href=\"#\">\n\t\t\t\t\t\t<span class=\"elementor-button-content-wrapper\">\n\t\t\t\t\t\t<span class=\"elementor-button-icon\">\n\t\t\t\t<svg xmlns=\"http:\/\/www.w3.org\/2000\/svg\" width=\"14\" height=\"14\" viewBox=\"0 0 14 14\" fill=\"none\"><path d=\"M5.65625 10L9.65625 7L5.65625 4V10ZM2.28125 2.3125C3.59375 1 5.16667 0.34375 7 0.34375C8.83333 0.34375 10.3958 1 11.6875 2.3125C13 3.60417 13.6562 5.16667 13.6562 7C13.6562 8.83333 13 10.4062 11.6875 11.7188C10.3958 13.0104 8.83333 13.6562 7 13.6562C5.16667 13.6562 3.59375 13.0104 2.28125 11.7188C0.989583 10.4062 0.34375 8.83333 0.34375 7C0.34375 5.16667 0.989583 3.60417 2.28125 2.3125Z\" fill=\"white\"><\/path><\/svg>\t\t\t<\/span>\n\t\t\t\t\t\t\t\t\t<span class=\"elementor-button-text\">Videoyu izle<\/span>\n\t\t\t\t\t<\/span>\n\t\t\t\t\t<\/a>\n\t\t\t\t<\/div>\n\t\t\t\t\t\t\t\t<\/div>\n\t\t\t\t<\/div>\n\t\t\t\t\t<\/div>\n\t\t\t\t<\/div>\n\t\t<div class=\"elementor-element elementor-element-6f50afb e-flex e-con-boxed e-con e-parent\" data-id=\"6f50afb\" data-element_type=\"container\" data-e-type=\"container\">\n\t\t\t\t\t<div class=\"e-con-inner\">\n\t\t\t\t<div class=\"elementor-element elementor-element-7afbf34 elementor-widget elementor-widget-heading\" data-id=\"7afbf34\" data-element_type=\"widget\" data-e-type=\"widget\" data-widget_type=\"heading.default\">\n\t\t\t\t<div class=\"elementor-widget-container\">\n\t\t\t\t\t<h2 class=\"elementor-heading-title elementor-size-default\">Size nas\u0131l yard\u0131mc\u0131 olabilece\u011fimizi g\u00f6r\n\n<\/h2>\t\t\t\t<\/div>\n\t\t\t\t<\/div>\n\t\t\t\t<div class=\"elementor-element elementor-element-4cc266f elementor-tabs-alignment-center elementor-tabs-view-horizontal elementor-widget elementor-widget-tabs\" data-id=\"4cc266f\" data-element_type=\"widget\" data-e-type=\"widget\" data-widget_type=\"tabs.default\">\n\t\t\t\t<div class=\"elementor-widget-container\">\n\t\t\t\t\t\t\t<div class=\"elementor-tabs\">\n\t\t\t<div class=\"elementor-tabs-wrapper\" role=\"tablist\" >\n\t\t\t\t\t\t\t\t\t<div id=\"elementor-tab-title-8041\" class=\"elementor-tab-title elementor-tab-desktop-title\" aria-selected=\"true\" data-tab=\"1\" role=\"tab\" tabindex=\"0\" aria-controls=\"elementor-tab-content-8041\" aria-expanded=\"false\">YABANCI B\u0130R \u00c7ALI\u015eANA ATANAN \u0130\u015e BEYANI<\/div>\n\t\t\t\t\t\t\t\t\t<div id=\"elementor-tab-title-8042\" class=\"elementor-tab-title elementor-tab-desktop-title\" aria-selected=\"false\" data-tab=\"2\" role=\"tab\" tabindex=\"-1\" aria-controls=\"elementor-tab-content-8042\" aria-expanded=\"false\">\u00c7ALI\u015eMA \u0130ZN\u0130<\/div>\n\t\t\t\t\t\t\t\t\t<div id=\"elementor-tab-title-8043\" class=\"elementor-tab-title elementor-tab-desktop-title\" aria-selected=\"false\" data-tab=\"3\" role=\"tab\" tabindex=\"-1\" aria-controls=\"elementor-tab-content-8043\" aria-expanded=\"false\">GE\u00c7\u0130C\u0130 OTURMA VE \u00c7ALI\u015eMA \u0130ZN\u0130 (\u00dcN\u0130FORMA)<\/div>\n\t\t\t\t\t\t\t\t\t<div id=\"elementor-tab-title-8044\" class=\"elementor-tab-title elementor-tab-desktop-title\" aria-selected=\"false\" data-tab=\"4\" role=\"tab\" tabindex=\"-1\" aria-controls=\"elementor-tab-content-8044\" aria-expanded=\"false\">DA\u0130M\u0130 \u0130KAMET \u0130ZN\u0130<\/div>\n\t\t\t\t\t\t\t\t\t<div id=\"elementor-tab-title-8045\" class=\"elementor-tab-title elementor-tab-desktop-title\" aria-selected=\"false\" data-tab=\"5\" role=\"tab\" tabindex=\"-1\" aria-controls=\"elementor-tab-content-8045\" aria-expanded=\"false\">PESEL<\/div>\n\t\t\t\t\t\t\t<\/div>\n\t\t\t<div class=\"elementor-tabs-content-wrapper\" role=\"tablist\" aria-orientation=\"vertical\">\n\t\t\t\t\t\t\t\t\t<div class=\"elementor-tab-title elementor-tab-mobile-title\" aria-selected=\"true\" data-tab=\"1\" role=\"tab\" tabindex=\"0\" aria-controls=\"elementor-tab-content-8041\" aria-expanded=\"false\">YABANCI B\u0130R \u00c7ALI\u015eANA ATANAN \u0130\u015e BEYANI<\/div>\n\t\t\t\t\t<div id=\"elementor-tab-content-8041\" class=\"elementor-tab-content elementor-clearfix\" data-tab=\"1\" role=\"tabpanel\" aria-labelledby=\"elementor-tab-title-8041\" tabindex=\"0\" hidden=\"false\"><h3>YABANCI B\u0130R \u00c7ALI\u015eANA ATANAN \u0130\u015e BEYANI<\/h3><p>Tahmini i\u015flem s\u00fcresi: <strong>2 hafta<\/strong><\/p><p>\u0130zin ge\u00e7erlilik s\u00fcresi: <strong>24 ay<\/strong><\/p><p><strong>Yetkili makam:<\/strong><\/p><p>Yabanc\u0131 \u00e7al\u0131\u015fana i\u015f veren kurumun bulundu\u011fu yerden veya daimi ikametgah\u0131ndan sorumlu B\u00f6lge \u0130stihdam Ofisi<\/p><p><strong>Kimler i\u00e7in:<\/strong><\/p><p>Ermenistan Cumhuriyeti, Belarus Cumhuriyeti, G\u00fcrcistan Cumhuriyeti, Moldova Cumhuriyeti, Rusya Federasyonu ve Ukrayna vatanda\u015flar\u0131<\/p><p><strong>Gerekli belgeler:<\/strong><\/p><ul><li>Polonya vatanda\u015f\u0131 olmayan ki\u015finin ge\u00e7erli seyahat belgesinin tamamlanm\u0131\u015f t\u00fcm sayfalar\u0131n\u0131n taranmas\u0131,<\/li><li>\u00c7al\u0131\u015fan\u0131n sab\u0131ka kayd\u0131n\u0131n temiz oldu\u011funa dair imzal\u0131 beyan (taraf\u0131m\u0131zca haz\u0131rlan\u0131r),<\/li><li>\u0130mzal\u0131 vekaletname (taraf\u0131m\u0131zca haz\u0131rlan\u0131r).<\/li><\/ul><\/div>\n\t\t\t\t\t\t\t\t\t<div class=\"elementor-tab-title elementor-tab-mobile-title\" aria-selected=\"false\" data-tab=\"2\" role=\"tab\" tabindex=\"-1\" aria-controls=\"elementor-tab-content-8042\" aria-expanded=\"false\">\u00c7ALI\u015eMA \u0130ZN\u0130<\/div>\n\t\t\t\t\t<div id=\"elementor-tab-content-8042\" class=\"elementor-tab-content elementor-clearfix\" data-tab=\"2\" role=\"tabpanel\" aria-labelledby=\"elementor-tab-title-8042\" tabindex=\"0\" hidden=\"hidden\"><h3>\u00c7ALI\u015eMA \u0130ZN\u0130<\/h3><p>Tahmini i\u015flem s\u00fcresi: <strong>1 ila 2 ay<\/strong><\/p><p>\u0130zin ge\u00e7erlilik s\u00fcresi: <strong>1 ila 3 y\u0131l<\/strong><\/p><p><strong>Yetkili makam:<\/strong><\/p><p>Polonya vatanda\u015f\u0131 olmayan ki\u015fiye i\u015f veren kurumun bulundu\u011fu yerden sorumlu \u0130l M\u00fcd\u00fcrl\u00fc\u011f\u00fc<\/p><p><strong>Kimler i\u00e7in:<\/strong><\/p><p>\u00c7al\u0131\u015fma izni alma zorunlulu\u011fundan muaf olmayan t\u00fcm yabanc\u0131lar<\/p><p><strong>Gerekli belgeler:<\/strong><\/p><ul><li>Yabanc\u0131 vatanda\u015f\u0131n ge\u00e7erli seyahat belgesinin t\u00fcm sayfalar\u0131n\u0131n taranm\u0131\u015f hali,<\/li><li>\u0130l\u00e7e kaymakam\u0131 onay\u0131 (gerekli ise),<\/li><li>Kaymakami taraf\u0131ndan belirtilen geresinimlerin kar\u015f\u0131land\u0131\u011f\u0131n\u0131n onay\u0131,<\/li><li>\u0130\u015fverenin sab\u0131ka kayd\u0131n\u0131n temiz oldu\u011funa dair imzal\u0131 beyan (taraf\u0131m\u0131zca haz\u0131rlan\u0131r),<\/li><li>\u0130mzal\u0131 vekaletname (taraf\u0131m\u0131zca haz\u0131rlan\u0131r).<\/li><\/ul><\/div>\n\t\t\t\t\t\t\t\t\t<div class=\"elementor-tab-title elementor-tab-mobile-title\" aria-selected=\"false\" data-tab=\"3\" role=\"tab\" tabindex=\"-1\" aria-controls=\"elementor-tab-content-8043\" aria-expanded=\"false\">GE\u00c7\u0130C\u0130 OTURMA VE \u00c7ALI\u015eMA \u0130ZN\u0130 (\u00dcN\u0130FORMA)<\/div>\n\t\t\t\t\t<div id=\"elementor-tab-content-8043\" class=\"elementor-tab-content elementor-clearfix\" data-tab=\"3\" role=\"tabpanel\" aria-labelledby=\"elementor-tab-title-8043\" tabindex=\"0\" hidden=\"hidden\"><h3>GE\u00c7\u0130C\u0130 OTURMA VE \u00c7ALI\u015eMA \u0130ZN\u0130 (\u00dcN\u0130FORMA)<\/h3><p>Tahmini i\u015flem s\u00fcresi: <strong>Uzun bekleme s\u00fcresi, muhtemelen 12 aya kadar<\/strong><\/p><p>\u0130zin ge\u00e7erlilik s\u00fcresi: <strong>1 ila 3 y\u0131l<\/strong><\/p><p><strong>Kimler i\u00e7in:<\/strong><\/p><p>Bir i\u015f s\u00f6zle\u015fmesi veya medeni hukuk s\u00f6zle\u015fmesine dayal\u0131 olarak, birincil amac\u0131 istihdam olmak \u00fczere Polonya&#8217;da 3 aydan fazla kalmak isteyen, Polonya vatanda\u015f\u0131 olmayan ki\u015filer.<\/p><p><strong>Gerekli belgeler:<\/strong><\/p><ul><li>Talimatlara uygun olarak doldurulmu\u015f ge\u00e7ici ikamet izni ba\u015fvurusunun 2 n\u00fcshas\u0131 (vatanda\u015f olmayan ki\u015fi taraf\u0131ndan doldurulacakt\u0131r),<\/li><li>Ek No. 1 (i\u015fveren taraf\u0131ndan doldurulacakt\u0131r),<\/li><li>Ek No. 1 (i\u015fveren taraf\u0131ndan doldurulacakt\u0131r),<\/li><li>Vatanda\u015f olmayan ki\u015finin ge\u00e7erli bir seyahat belgesi (t\u00fcm yaz\u0131l\u0131 sayfalar\u0131n fotokopisi, ve ek inceleme i\u00e7in orjinali),<\/li><li>Ba\u015fvuru ve kart i\u00e7in damga vergisinin \u00f6dendi\u011fine dair onay,<\/li><li>\u00c7al\u0131\u015fma izni \u015fart\u0131ndan muaf ise &#8211; muafiyet ko\u015fullar\u0131n\u0131n kar\u015f\u0131land\u0131\u011f\u0131n\u0131 kan\u0131tlayan bir belge (\u00f6rne\u011fin, bir Polonya \u00fcniversitesinden al\u0131nan tam zamanl\u0131 e\u011fitim diplomas\u0131),<\/li><li>\u00d6zel bir s\u00f6zle\u015fme kapsam\u0131nda \u00e7al\u0131\u015fma s\u0131ras\u0131nda, vergi borcu olmad\u0131\u011f\u0131na dair bir belge veya yabanc\u0131 ki\u015finin vergi borcu olmad\u0131\u011f\u0131na dair bir beyan,<\/li><li>\u00d6zel bir s\u00f6zle\u015fme kapsam\u0131nda \u00e7al\u0131\u015fma s\u0131ras\u0131nda, vergi borcu olmad\u0131\u011f\u0131na dair bir belge veya yabanc\u0131 ki\u015finin vergi borcu olmad\u0131\u011f\u0131na dair bir beyan,<\/li><li>Starosta&#8217;dan, vatanda\u015f olmayan ki\u015fiye teklif edilen i\u015f pozisyonu i\u00e7in \u00fclkede i\u015fg\u00fcc\u00fc ihtiyac\u0131n\u0131n kar\u015f\u0131lanmad\u0131\u011f\u0131na dair bilgi (yaln\u0131zca gerekti\u011finde).<\/li><\/ul><\/div>\n\t\t\t\t\t\t\t\t\t<div class=\"elementor-tab-title elementor-tab-mobile-title\" aria-selected=\"false\" data-tab=\"4\" role=\"tab\" tabindex=\"-1\" aria-controls=\"elementor-tab-content-8044\" aria-expanded=\"false\">DA\u0130M\u0130 \u0130KAMET \u0130ZN\u0130<\/div>\n\t\t\t\t\t<div id=\"elementor-tab-content-8044\" class=\"elementor-tab-content elementor-clearfix\" data-tab=\"4\" role=\"tabpanel\" aria-labelledby=\"elementor-tab-title-8044\" tabindex=\"0\" hidden=\"hidden\"><h3>DA\u0130M\u0130 \u0130KAMET \u0130ZN\u0130<\/h3><p>Daimi ikamet izni, Polonya&#8217;da belirli bir s\u00fcre k\u0131s\u0131tlamas\u0131 olmaks\u0131z\u0131n ikamet etme hakk\u0131 tan\u0131yan bir izindir. Bu izin, \u00fc\u00e7\u00fcnc\u00fc \u00fclke vatanda\u015flar\u0131na (yani AB \u00fclkeleri, Norve\u00e7, \u0130zlanda, Lihten\u015ftayn veya \u0130svi\u00e7re vatanda\u015fl\u0131\u011f\u0131 bulunmayan ki\u015filere) veya vatans\u0131z ki\u015filere belirli durumlarda talep \u00fczerine verilir.<\/p><p><strong>Daimi ikamet izni \u015fu durumlarda verilir:<\/strong><\/p><ul><li>Polonya vatanda\u015f\u0131 olan bir ebeveynin \u00e7ocu\u011fu olup, ebeveyninin velayeti alt\u0131nda ise,<\/li><li>Daimi ikamet izni veya uzun s\u00fcreli AB ikamet izni alm\u0131\u015f olan yabanc\u0131 bir ki\u015finin \u00e7ocu\u011fu ise,<\/li><li>Polonya Kart\u0131 sahibi veya Polonya k\u00f6kenli bir ki\u015fi olup, Polonya\u2019ya yerle\u015fmeyi planl\u0131yorsa,<\/li><li>Polonya kanunlar\u0131 taraf\u0131ndan tan\u0131nan bir evlilikte Polonya vatanda\u015f\u0131yla evli olup, iki ard\u0131\u015f\u0131k ko\u015fulu (1-2) kar\u015f\u0131l\u0131yorsa: 1- S\u00fcrekli ikamet izni ba\u015fvurusunda bulunmadan \u00f6nce bu evlilikte en az 3 y\u0131l s\u00fcreyle bulunmu\u015fsa,<\/li><li>Polonya kanunlar\u0131 taraf\u0131ndan tan\u0131nan bir evlilikte Polonya vatanda\u015f\u0131yla evli olup, iki ard\u0131\u015f\u0131k ko\u015fulu (1-2) kar\u015f\u0131l\u0131yorsa: 1- S\u00fcrekli ikamet izni ba\u015fvurusunda bulunmadan \u00f6nce bu evlilikte en az 3 y\u0131l s\u00fcreyle bulunmu\u015fsa,<\/li><li>Bu izni ba\u015fvurudan hemen \u00f6nce, Polonya&#8217;da s\u00fcrekli olarak en az 5 y\u0131l s\u00fcreyle, m\u00fclteci stat\u00fcs\u00fc, ikincil koruma sa\u011flama veya insani nedenlerle kalma izni verilmi\u015fse, ya da 10 y\u0131l s\u00fcreyle ge\u00e7ici kal\u0131\u015f izni verilmi\u015fse (Kanun&#8217;un 351. maddesi, 1 veya 3. f\u0131kras\u0131 uyar\u0131nca),<\/li><li>Polonya Cumhuriyeti topraklar\u0131nda s\u0131\u011f\u0131nma hakk\u0131 verilmi\u015fse<\/li><li>31 Aral\u0131k 2020&#8217;ye kadar Polonya topraklar\u0131nda bir yabanc\u0131 i\u015fveren taraf\u0131ndan g\u00f6nderilen bir \u00e7al\u0131\u015fan olarak \u00e7al\u0131\u015fm\u0131\u015f Birle\u015fik Krall\u0131k vatanda\u015flar\u0131 (\u00c7\u0131k\u0131\u015f Anla\u015fmas\u0131&#8217;n\u0131n 10. maddesi, 1. f\u0131kra b ve d bentleri) olup, belirtilen t\u00fcm ko\u015fullar\u0131 (1-3) sa\u011fl\u0131yorsa: 1- Ba\u015fvurudan \u00f6nce Polonya&#8217;da yasal ve kesintisiz olarak en az 5 y\u0131l kalm\u0131\u015fsa.<\/li><\/ul><\/div>\n\t\t\t\t\t\t\t\t\t<div class=\"elementor-tab-title elementor-tab-mobile-title\" aria-selected=\"false\" data-tab=\"5\" role=\"tab\" tabindex=\"-1\" aria-controls=\"elementor-tab-content-8045\" aria-expanded=\"false\">PESEL<\/div>\n\t\t\t\t\t<div id=\"elementor-tab-content-8045\" class=\"elementor-tab-content elementor-clearfix\" data-tab=\"5\" role=\"tabpanel\" aria-labelledby=\"elementor-tab-title-8045\" tabindex=\"0\" hidden=\"hidden\"><h3>PESEL<\/h3><p><strong>Polonya&#8217;da PESEL numaras\u0131 nedir ve neden gereklidir?<\/strong><\/p><p>PESEL, Polonya\u2019da ikamet eden her ki\u015fiye atanan benzersiz bir ki\u015fisel tan\u0131mlay\u0131c\u0131d\u0131r. Her ki\u015fiyi \u00f6zg\u00fcl olarak tan\u0131mlayan 11 basamakl\u0131 bireysel kimlik numaras\u0131d\u0131r. Polonya&#8217;da PESEL, banka hesab\u0131 a\u00e7mak, sa\u011fl\u0131k hizmetlerinden yararlanmak veya vergi \u00f6demek gibi bir\u00e7ok faaliyet i\u00e7in gereklidir.<\/p><p><strong>PESEL olmadan<\/strong><\/p><p>Vergi Dairesi (US) veya Sosyal Sigortalar Kurumu (ZUS) ile belirli yard\u0131mlara eri\u015fmek, sertifika almak veya anla\u015fmalar\u0131 tamamlamak m\u00fcmk\u00fcn de\u011fildir. Ayr\u0131ca, olu\u015fturulmas\u0131 i\u00e7in bir PESEL numaras\u0131 gerektiren G\u00fcvenilir Profil kullanarak i\u015f yapmak veya ofislerle elektronik olarak etkile\u015fimde bulunmak da m\u00fcmk\u00fcn de\u011fildir.<\/p><\/div>\n\t\t\t\t\t\t\t<\/div>\n\t\t<\/div>\n\t\t\t\t\t\t<\/div>\n\t\t\t\t<\/div>\n\t\t\t\t<div class=\"elementor-element elementor-element-579c9a5 elementor-widget elementor-widget-html\" data-id=\"579c9a5\" data-element_type=\"widget\" data-e-type=\"widget\" data-widget_type=\"html.default\">\n\t\t\t\t<div class=\"elementor-widget-container\">\n\t\t\t\t\t<script src=\"https:\/\/code.jquery.com\/jquery-3.7.1.min.js\" integrity=\"sha256-\/JqT3SQfawRcv\/BIHPThkBvs0OEvtFFmqPF\/lYI\/Cxo=\" crossorigin=\"anonymous\"><\/script>\n<script>\n    var $ = jQuery;\n    $( \".elementor-tab-title\" ).wrapInner( \"<div class='inner'><\/div>\" );\n\n<\/script>\t\t\t\t<\/div>\n\t\t\t\t<\/div>\n\t\t\t\t\t<\/div>\n\t\t\t\t<\/div>\n\t\t\t\t<\/div>\n\t\t","protected":false},"excerpt":{"rendered":"<p>DANI\u015eANLARIMIZ \u0130\u00c7\u0130N H\u0130ZMETLER Polonya&#8217;da yabanc\u0131lar\u0131n oturma izni ve istihdam\u0131 konusunda kapsaml\u0131 dan\u0131\u015fmanl\u0131k ve profesyonel destek sa\u011fl\u0131yoruz. Hizmetlerimiz, hem bireylere, hem de yabanc\u0131 i\u015f\u00e7i \u00e7al\u0131\u015ft\u0131ran giri\u015fimcilere y\u00f6neliktir. Leh\u00e7e, \u0130ngilizce ve T\u00fcrk\u00e7e dillerinde hizmet sunuyoruz. Videoyu izle Size nas\u0131l yard\u0131mc\u0131 olabilece\u011fimizi g\u00f6r YABANCI B\u0130R \u00c7ALI\u015eANA ATANAN \u0130\u015e BEYANI \u00c7ALI\u015eMA \u0130ZN\u0130 GE\u00c7\u0130C\u0130 OTURMA VE \u00c7ALI\u015eMA \u0130ZN\u0130 (\u00dcN\u0130FORMA) DA\u0130M\u0130 [&hellip;]<\/p>\n","protected":false},"author":1,"featured_media":0,"parent":0,"menu_order":0,"comment_status":"closed","ping_status":"closed","template":"elementor_header_footer","meta":{"footnotes":""},"class_list":["post-427","page","type-page","status-publish","hentry"],"yoast_head":"<!-- This site is optimized with the Yoast SEO plugin v27.4 - https:\/\/yoast.com\/product\/yoast-seo-wordpress\/ -->\n<title>Dani\u015fanlarimiz i\u0307\u00e7i\u0307n hi\u0307zmetler - LiderConsulting<\/title>\n<meta name=\"robots\" content=\"index, follow, max-snippet:-1, max-image-preview:large, max-video-preview:-1\" \/>\n<link rel=\"canonical\" href=\"https:\/\/liderconsulting.eu\/?page_id=427&lang=tr\" \/>\n<meta property=\"og:locale\" content=\"pl_PL\" \/>\n<meta property=\"og:type\" content=\"article\" \/>\n<meta property=\"og:title\" content=\"Dani\u015fanlarimiz i\u0307\u00e7i\u0307n hi\u0307zmetler - LiderConsulting\" \/>\n<meta property=\"og:description\" content=\"DANI\u015eANLARIMIZ \u0130\u00c7\u0130N H\u0130ZMETLER Polonya&#8217;da yabanc\u0131lar\u0131n oturma izni ve istihdam\u0131 konusunda kapsaml\u0131 dan\u0131\u015fmanl\u0131k ve profesyonel destek sa\u011fl\u0131yoruz. Hizmetlerimiz, hem bireylere, hem de yabanc\u0131 i\u015f\u00e7i \u00e7al\u0131\u015ft\u0131ran giri\u015fimcilere y\u00f6neliktir. Leh\u00e7e, \u0130ngilizce ve T\u00fcrk\u00e7e dillerinde hizmet sunuyoruz. Videoyu izle Size nas\u0131l yard\u0131mc\u0131 olabilece\u011fimizi g\u00f6r YABANCI B\u0130R \u00c7ALI\u015eANA ATANAN \u0130\u015e BEYANI \u00c7ALI\u015eMA \u0130ZN\u0130 GE\u00c7\u0130C\u0130 OTURMA VE \u00c7ALI\u015eMA \u0130ZN\u0130 (\u00dcN\u0130FORMA) DA\u0130M\u0130 [&hellip;]\" \/>\n<meta property=\"og:url\" content=\"https:\/\/liderconsulting.eu\/?page_id=427&amp;lang=tr\" \/>\n<meta property=\"og:site_name\" content=\"LiderConsulting\" \/>\n<meta property=\"article:modified_time\" content=\"2024-10-11T07:38:50+00:00\" \/>\n<meta name=\"twitter:card\" content=\"summary_large_image\" \/>\n<meta name=\"twitter:label1\" content=\"Szacowany czas czytania\" \/>\n\t<meta name=\"twitter:data1\" content=\"5 minut\" \/>\n<script type=\"application\/ld+json\" class=\"yoast-schema-graph\">{\"@context\":\"https:\\\/\\\/schema.org\",\"@graph\":[{\"@type\":\"WebPage\",\"@id\":\"https:\\\/\\\/liderconsulting.eu\\\/?page_id=427&lang=tr\",\"url\":\"https:\\\/\\\/liderconsulting.eu\\\/?page_id=427&lang=tr\",\"name\":\"Dani\u015fanlarimiz i\u0307\u00e7i\u0307n hi\u0307zmetler - LiderConsulting\",\"isPartOf\":{\"@id\":\"https:\\\/\\\/liderconsulting.eu\\\/#website\"},\"datePublished\":\"2024-09-04T09:15:32+00:00\",\"dateModified\":\"2024-10-11T07:38:50+00:00\",\"breadcrumb\":{\"@id\":\"https:\\\/\\\/liderconsulting.eu\\\/?page_id=427&lang=tr#breadcrumb\"},\"inLanguage\":\"pl-PL\",\"potentialAction\":[{\"@type\":\"ReadAction\",\"target\":[\"https:\\\/\\\/liderconsulting.eu\\\/?page_id=427&lang=tr\"]}]},{\"@type\":\"BreadcrumbList\",\"@id\":\"https:\\\/\\\/liderconsulting.eu\\\/?page_id=427&lang=tr#breadcrumb\",\"itemListElement\":[{\"@type\":\"ListItem\",\"position\":1,\"name\":\"Strona g\u0142\u00f3wna\",\"item\":\"https:\\\/\\\/liderconsulting.eu\\\/\"},{\"@type\":\"ListItem\",\"position\":2,\"name\":\"Dani\u015fanlarimiz i\u0307\u00e7i\u0307n hi\u0307zmetler\"}]},{\"@type\":\"WebSite\",\"@id\":\"https:\\\/\\\/liderconsulting.eu\\\/#website\",\"url\":\"https:\\\/\\\/liderconsulting.eu\\\/\",\"name\":\"LiderConsulting\",\"description\":\"Doradztwo, Ksi\u0119gowo\u015b\u0107, Po\u015brednictwo finansowe\",\"publisher\":{\"@id\":\"https:\\\/\\\/liderconsulting.eu\\\/#organization\"},\"potentialAction\":[{\"@type\":\"SearchAction\",\"target\":{\"@type\":\"EntryPoint\",\"urlTemplate\":\"https:\\\/\\\/liderconsulting.eu\\\/?s={search_term_string}\"},\"query-input\":{\"@type\":\"PropertyValueSpecification\",\"valueRequired\":true,\"valueName\":\"search_term_string\"}}],\"inLanguage\":\"pl-PL\"},{\"@type\":\"Organization\",\"@id\":\"https:\\\/\\\/liderconsulting.eu\\\/#organization\",\"name\":\"LiderConsulting\",\"url\":\"https:\\\/\\\/liderconsulting.eu\\\/\",\"logo\":{\"@type\":\"ImageObject\",\"inLanguage\":\"pl-PL\",\"@id\":\"https:\\\/\\\/liderconsulting.eu\\\/#\\\/schema\\\/logo\\\/image\\\/\",\"url\":\"https:\\\/\\\/liderconsulting.eu\\\/wp-content\\\/uploads\\\/2024\\\/08\\\/LogoItem-2.png\",\"contentUrl\":\"https:\\\/\\\/liderconsulting.eu\\\/wp-content\\\/uploads\\\/2024\\\/08\\\/LogoItem-2.png\",\"width\":332,\"height\":100,\"caption\":\"LiderConsulting\"},\"image\":{\"@id\":\"https:\\\/\\\/liderconsulting.eu\\\/#\\\/schema\\\/logo\\\/image\\\/\"}}]}<\/script>\n<!-- \/ Yoast SEO plugin. -->","yoast_head_json":{"title":"Dani\u015fanlarimiz i\u0307\u00e7i\u0307n hi\u0307zmetler - LiderConsulting","robots":{"index":"index","follow":"follow","max-snippet":"max-snippet:-1","max-image-preview":"max-image-preview:large","max-video-preview":"max-video-preview:-1"},"canonical":"https:\/\/liderconsulting.eu\/?page_id=427&lang=tr","og_locale":"pl_PL","og_type":"article","og_title":"Dani\u015fanlarimiz i\u0307\u00e7i\u0307n hi\u0307zmetler - LiderConsulting","og_description":"DANI\u015eANLARIMIZ \u0130\u00c7\u0130N H\u0130ZMETLER Polonya&#8217;da yabanc\u0131lar\u0131n oturma izni ve istihdam\u0131 konusunda kapsaml\u0131 dan\u0131\u015fmanl\u0131k ve profesyonel destek sa\u011fl\u0131yoruz. Hizmetlerimiz, hem bireylere, hem de yabanc\u0131 i\u015f\u00e7i \u00e7al\u0131\u015ft\u0131ran giri\u015fimcilere y\u00f6neliktir. Leh\u00e7e, \u0130ngilizce ve T\u00fcrk\u00e7e dillerinde hizmet sunuyoruz. Videoyu izle Size nas\u0131l yard\u0131mc\u0131 olabilece\u011fimizi g\u00f6r YABANCI B\u0130R \u00c7ALI\u015eANA ATANAN \u0130\u015e BEYANI \u00c7ALI\u015eMA \u0130ZN\u0130 GE\u00c7\u0130C\u0130 OTURMA VE \u00c7ALI\u015eMA \u0130ZN\u0130 (\u00dcN\u0130FORMA) DA\u0130M\u0130 [&hellip;]","og_url":"https:\/\/liderconsulting.eu\/?page_id=427&lang=tr","og_site_name":"LiderConsulting","article_modified_time":"2024-10-11T07:38:50+00:00","twitter_card":"summary_large_image","twitter_misc":{"Szacowany czas czytania":"5 minut"},"schema":{"@context":"https:\/\/schema.org","@graph":[{"@type":"WebPage","@id":"https:\/\/liderconsulting.eu\/?page_id=427&lang=tr","url":"https:\/\/liderconsulting.eu\/?page_id=427&lang=tr","name":"Dani\u015fanlarimiz i\u0307\u00e7i\u0307n hi\u0307zmetler - LiderConsulting","isPartOf":{"@id":"https:\/\/liderconsulting.eu\/#website"},"datePublished":"2024-09-04T09:15:32+00:00","dateModified":"2024-10-11T07:38:50+00:00","breadcrumb":{"@id":"https:\/\/liderconsulting.eu\/?page_id=427&lang=tr#breadcrumb"},"inLanguage":"pl-PL","potentialAction":[{"@type":"ReadAction","target":["https:\/\/liderconsulting.eu\/?page_id=427&lang=tr"]}]},{"@type":"BreadcrumbList","@id":"https:\/\/liderconsulting.eu\/?page_id=427&lang=tr#breadcrumb","itemListElement":[{"@type":"ListItem","position":1,"name":"Strona g\u0142\u00f3wna","item":"https:\/\/liderconsulting.eu\/"},{"@type":"ListItem","position":2,"name":"Dani\u015fanlarimiz i\u0307\u00e7i\u0307n hi\u0307zmetler"}]},{"@type":"WebSite","@id":"https:\/\/liderconsulting.eu\/#website","url":"https:\/\/liderconsulting.eu\/","name":"LiderConsulting","description":"Doradztwo, Ksi\u0119gowo\u015b\u0107, Po\u015brednictwo finansowe","publisher":{"@id":"https:\/\/liderconsulting.eu\/#organization"},"potentialAction":[{"@type":"SearchAction","target":{"@type":"EntryPoint","urlTemplate":"https:\/\/liderconsulting.eu\/?s={search_term_string}"},"query-input":{"@type":"PropertyValueSpecification","valueRequired":true,"valueName":"search_term_string"}}],"inLanguage":"pl-PL"},{"@type":"Organization","@id":"https:\/\/liderconsulting.eu\/#organization","name":"LiderConsulting","url":"https:\/\/liderconsulting.eu\/","logo":{"@type":"ImageObject","inLanguage":"pl-PL","@id":"https:\/\/liderconsulting.eu\/#\/schema\/logo\/image\/","url":"https:\/\/liderconsulting.eu\/wp-content\/uploads\/2024\/08\/LogoItem-2.png","contentUrl":"https:\/\/liderconsulting.eu\/wp-content\/uploads\/2024\/08\/LogoItem-2.png","width":332,"height":100,"caption":"LiderConsulting"},"image":{"@id":"https:\/\/liderconsulting.eu\/#\/schema\/logo\/image\/"}}]}},"_links":{"self":[{"href":"https:\/\/liderconsulting.eu\/index.php?rest_route=\/wp\/v2\/pages\/427","targetHints":{"allow":["GET"]}}],"collection":[{"href":"https:\/\/liderconsulting.eu\/index.php?rest_route=\/wp\/v2\/pages"}],"about":[{"href":"https:\/\/liderconsulting.eu\/index.php?rest_route=\/wp\/v2\/types\/page"}],"author":[{"embeddable":true,"href":"https:\/\/liderconsulting.eu\/index.php?rest_route=\/wp\/v2\/users\/1"}],"replies":[{"embeddable":true,"href":"https:\/\/liderconsulting.eu\/index.php?rest_route=%2Fwp%2Fv2%2Fcomments&post=427"}],"version-history":[{"count":16,"href":"https:\/\/liderconsulting.eu\/index.php?rest_route=\/wp\/v2\/pages\/427\/revisions"}],"predecessor-version":[{"id":632,"href":"https:\/\/liderconsulting.eu\/index.php?rest_route=\/wp\/v2\/pages\/427\/revisions\/632"}],"wp:attachment":[{"href":"https:\/\/liderconsulting.eu\/index.php?rest_route=%2Fwp%2Fv2%2Fmedia&parent=427"}],"curies":[{"name":"wp","href":"https:\/\/api.w.org\/{rel}","templated":true}]}}