{"id":478,"date":"2024-09-05T11:49:13","date_gmt":"2024-09-05T11:49:13","guid":{"rendered":"https:\/\/liderconsulting.skydoo.com.pl\/?page_id=478"},"modified":"2024-09-24T08:25:49","modified_gmt":"2024-09-24T08:25:49","slug":"guidance-for-business-operations","status":"publish","type":"page","link":"https:\/\/liderconsulting.eu\/?page_id=478&lang=en","title":{"rendered":"Guidance for business operations"},"content":{"rendered":"\t\t<div data-elementor-type=\"wp-page\" data-elementor-id=\"478\" class=\"elementor elementor-478\" data-elementor-post-type=\"page\">\n\t\t\t\t<div class=\"elementor-element elementor-element-5950b9b e-flex e-con-boxed e-con e-parent\" data-id=\"5950b9b\" data-element_type=\"container\" data-e-type=\"container\">\n\t\t\t\t\t<div class=\"e-con-inner\">\n\t\t\t\t<div class=\"elementor-element elementor-element-8965016 elementor-widget elementor-widget-heading\" data-id=\"8965016\" data-element_type=\"widget\" data-e-type=\"widget\" data-widget_type=\"heading.default\">\n\t\t\t\t<div class=\"elementor-widget-container\">\n\t\t\t\t\t<h3 class=\"elementor-heading-title elementor-size-default\">Business activity<\/h3>\t\t\t\t<\/div>\n\t\t\t\t<\/div>\n\t\t\t\t<div class=\"elementor-element elementor-element-8ab625f elementor-widget elementor-widget-heading\" data-id=\"8ab625f\" data-element_type=\"widget\" data-e-type=\"widget\" data-widget_type=\"heading.default\">\n\t\t\t\t<div class=\"elementor-widget-container\">\n\t\t\t\t\t<h2 class=\"elementor-heading-title elementor-size-default\">Our expertise helps to eliminate any uncertainties you may have.<\/h2>\t\t\t\t<\/div>\n\t\t\t\t<\/div>\n\t\t\t\t\t<\/div>\n\t\t\t\t<\/div>\n\t\t<div class=\"elementor-element elementor-element-c9b10cf e-flex e-con-boxed e-con e-parent\" data-id=\"c9b10cf\" data-element_type=\"container\" data-e-type=\"container\">\n\t\t\t\t\t<div class=\"e-con-inner\">\n\t\t<div class=\"elementor-element elementor-element-ff8988a e-con-full e-flex e-con e-child\" data-id=\"ff8988a\" data-element_type=\"container\" data-e-type=\"container\">\n\t\t\t\t<div class=\"elementor-element elementor-element-5aa547a elementor-widget elementor-widget-image\" data-id=\"5aa547a\" data-element_type=\"widget\" data-e-type=\"widget\" data-widget_type=\"image.default\">\n\t\t\t\t<div class=\"elementor-widget-container\">\n\t\t\t\t\t\t\t\t\t\t\t\t\t\t\t<img fetchpriority=\"high\" decoding=\"async\" width=\"827\" height=\"205\" src=\"https:\/\/liderconsulting.eu\/wp-content\/uploads\/2024\/09\/Frame-1751.png\" class=\"attachment-full size-full wp-image-97\" alt=\"\" srcset=\"https:\/\/liderconsulting.eu\/wp-content\/uploads\/2024\/09\/Frame-1751.png 827w, https:\/\/liderconsulting.eu\/wp-content\/uploads\/2024\/09\/Frame-1751-300x74.png 300w, https:\/\/liderconsulting.eu\/wp-content\/uploads\/2024\/09\/Frame-1751-768x190.png 768w\" sizes=\"(max-width: 827px) 100vw, 827px\" \/>\t\t\t\t\t\t\t\t\t\t\t\t\t\t\t<\/div>\n\t\t\t\t<\/div>\n\t\t\t\t<\/div>\n\t\t<div class=\"elementor-element elementor-element-eb403bb e-con-full e-flex e-con e-child\" data-id=\"eb403bb\" data-element_type=\"container\" data-e-type=\"container\">\n\t\t\t\t<div class=\"elementor-element elementor-element-3396893 elementor-widget elementor-widget-heading\" data-id=\"3396893\" data-element_type=\"widget\" data-e-type=\"widget\" data-widget_type=\"heading.default\">\n\t\t\t\t<div class=\"elementor-widget-container\">\n\t\t\t\t\t<h2 class=\"elementor-heading-title elementor-size-default\">GUIDANCE FOR BUSINESS OPERATIONS <\/h2>\t\t\t\t<\/div>\n\t\t\t\t<\/div>\n\t\t\t\t<div class=\"elementor-element elementor-element-d2c33e2 elementor-widget elementor-widget-text-editor\" data-id=\"d2c33e2\" data-element_type=\"widget\" data-e-type=\"widget\" data-widget_type=\"text-editor.default\">\n\t\t\t\t<div class=\"elementor-widget-container\">\n\t\t\t\t\t\t\t\t\t<ul><li>Comprehensive service related to the registration of companies, representative offices and branches (including krs, representation before offices)<\/li><li>Assistance in negotiations with contractors<\/li><li>Translations<\/li><\/ul>\t\t\t\t\t\t\t\t<\/div>\n\t\t\t\t<\/div>\n\t\t\t\t<\/div>\n\t\t\t\t\t<\/div>\n\t\t\t\t<\/div>\n\t\t\t\t<\/div>\n\t\t","protected":false},"excerpt":{"rendered":"<p>Business activity Our expertise helps to eliminate any uncertainties you may have. GUIDANCE FOR BUSINESS OPERATIONS Comprehensive service related to the registration of companies, representative offices and branches (including krs, representation before offices) Assistance in negotiations with contractors Translations<\/p>\n","protected":false},"author":1,"featured_media":0,"parent":0,"menu_order":0,"comment_status":"closed","ping_status":"closed","template":"elementor_header_footer","meta":{"footnotes":""},"class_list":["post-478","page","type-page","status-publish","hentry"],"yoast_head":"<!-- This site is optimized with the Yoast SEO plugin v27.4 - https:\/\/yoast.com\/product\/yoast-seo-wordpress\/ -->\n<title>Guidance for business operations - LiderConsulting<\/title>\n<meta name=\"robots\" content=\"index, follow, max-snippet:-1, max-image-preview:large, max-video-preview:-1\" \/>\n<link rel=\"canonical\" href=\"https:\/\/liderconsulting.eu\/?page_id=478&lang=en\" \/>\n<meta property=\"og:locale\" content=\"pl_PL\" \/>\n<meta property=\"og:type\" content=\"article\" \/>\n<meta property=\"og:title\" content=\"Guidance for business operations - LiderConsulting\" \/>\n<meta property=\"og:description\" content=\"Business activity Our expertise helps to eliminate any uncertainties you may have. GUIDANCE FOR BUSINESS OPERATIONS Comprehensive service related to the registration of companies, representative offices and branches (including krs, representation before offices) Assistance in negotiations with contractors Translations\" \/>\n<meta property=\"og:url\" content=\"https:\/\/liderconsulting.eu\/?page_id=478&amp;lang=en\" \/>\n<meta property=\"og:site_name\" content=\"LiderConsulting\" \/>\n<meta property=\"article:modified_time\" content=\"2024-09-24T08:25:49+00:00\" \/>\n<meta property=\"og:image\" content=\"https:\/\/liderconsulting.eu\/wp-content\/uploads\/2024\/09\/Frame-1751.png\" \/>\n\t<meta property=\"og:image:width\" content=\"827\" \/>\n\t<meta property=\"og:image:height\" content=\"205\" \/>\n\t<meta property=\"og:image:type\" content=\"image\/png\" \/>\n<meta name=\"twitter:card\" content=\"summary_large_image\" \/>\n<script type=\"application\/ld+json\" class=\"yoast-schema-graph\">{\"@context\":\"https:\\\/\\\/schema.org\",\"@graph\":[{\"@type\":\"WebPage\",\"@id\":\"https:\\\/\\\/liderconsulting.eu\\\/?page_id=478&lang=en\",\"url\":\"https:\\\/\\\/liderconsulting.eu\\\/?page_id=478&lang=en\",\"name\":\"Guidance for business operations - LiderConsulting\",\"isPartOf\":{\"@id\":\"https:\\\/\\\/liderconsulting.eu\\\/#website\"},\"primaryImageOfPage\":{\"@id\":\"https:\\\/\\\/liderconsulting.eu\\\/?page_id=478&lang=en#primaryimage\"},\"image\":{\"@id\":\"https:\\\/\\\/liderconsulting.eu\\\/?page_id=478&lang=en#primaryimage\"},\"thumbnailUrl\":\"https:\\\/\\\/liderconsulting.eu\\\/wp-content\\\/uploads\\\/2024\\\/09\\\/Frame-1751.png\",\"datePublished\":\"2024-09-05T11:49:13+00:00\",\"dateModified\":\"2024-09-24T08:25:49+00:00\",\"breadcrumb\":{\"@id\":\"https:\\\/\\\/liderconsulting.eu\\\/?page_id=478&lang=en#breadcrumb\"},\"inLanguage\":\"pl-PL\",\"potentialAction\":[{\"@type\":\"ReadAction\",\"target\":[\"https:\\\/\\\/liderconsulting.eu\\\/?page_id=478&lang=en\"]}]},{\"@type\":\"ImageObject\",\"inLanguage\":\"pl-PL\",\"@id\":\"https:\\\/\\\/liderconsulting.eu\\\/?page_id=478&lang=en#primaryimage\",\"url\":\"https:\\\/\\\/liderconsulting.eu\\\/wp-content\\\/uploads\\\/2024\\\/09\\\/Frame-1751.png\",\"contentUrl\":\"https:\\\/\\\/liderconsulting.eu\\\/wp-content\\\/uploads\\\/2024\\\/09\\\/Frame-1751.png\",\"width\":827,\"height\":205},{\"@type\":\"BreadcrumbList\",\"@id\":\"https:\\\/\\\/liderconsulting.eu\\\/?page_id=478&lang=en#breadcrumb\",\"itemListElement\":[{\"@type\":\"ListItem\",\"position\":1,\"name\":\"Strona g\u0142\u00f3wna\",\"item\":\"https:\\\/\\\/liderconsulting.eu\\\/\"},{\"@type\":\"ListItem\",\"position\":2,\"name\":\"Guidance for business operations\"}]},{\"@type\":\"WebSite\",\"@id\":\"https:\\\/\\\/liderconsulting.eu\\\/#website\",\"url\":\"https:\\\/\\\/liderconsulting.eu\\\/\",\"name\":\"LiderConsulting\",\"description\":\"Doradztwo, Ksi\u0119gowo\u015b\u0107, Po\u015brednictwo finansowe\",\"publisher\":{\"@id\":\"https:\\\/\\\/liderconsulting.eu\\\/#organization\"},\"potentialAction\":[{\"@type\":\"SearchAction\",\"target\":{\"@type\":\"EntryPoint\",\"urlTemplate\":\"https:\\\/\\\/liderconsulting.eu\\\/?s={search_term_string}\"},\"query-input\":{\"@type\":\"PropertyValueSpecification\",\"valueRequired\":true,\"valueName\":\"search_term_string\"}}],\"inLanguage\":\"pl-PL\"},{\"@type\":\"Organization\",\"@id\":\"https:\\\/\\\/liderconsulting.eu\\\/#organization\",\"name\":\"LiderConsulting\",\"url\":\"https:\\\/\\\/liderconsulting.eu\\\/\",\"logo\":{\"@type\":\"ImageObject\",\"inLanguage\":\"pl-PL\",\"@id\":\"https:\\\/\\\/liderconsulting.eu\\\/#\\\/schema\\\/logo\\\/image\\\/\",\"url\":\"https:\\\/\\\/liderconsulting.eu\\\/wp-content\\\/uploads\\\/2024\\\/08\\\/LogoItem-2.png\",\"contentUrl\":\"https:\\\/\\\/liderconsulting.eu\\\/wp-content\\\/uploads\\\/2024\\\/08\\\/LogoItem-2.png\",\"width\":332,\"height\":100,\"caption\":\"LiderConsulting\"},\"image\":{\"@id\":\"https:\\\/\\\/liderconsulting.eu\\\/#\\\/schema\\\/logo\\\/image\\\/\"}}]}<\/script>\n<!-- \/ Yoast SEO plugin. -->","yoast_head_json":{"title":"Guidance for business operations - LiderConsulting","robots":{"index":"index","follow":"follow","max-snippet":"max-snippet:-1","max-image-preview":"max-image-preview:large","max-video-preview":"max-video-preview:-1"},"canonical":"https:\/\/liderconsulting.eu\/?page_id=478&lang=en","og_locale":"pl_PL","og_type":"article","og_title":"Guidance for business operations - LiderConsulting","og_description":"Business activity Our expertise helps to eliminate any uncertainties you may have. GUIDANCE FOR BUSINESS OPERATIONS Comprehensive service related to the registration of companies, representative offices and branches (including krs, representation before offices) Assistance in negotiations with contractors Translations","og_url":"https:\/\/liderconsulting.eu\/?page_id=478&lang=en","og_site_name":"LiderConsulting","article_modified_time":"2024-09-24T08:25:49+00:00","og_image":[{"width":827,"height":205,"url":"https:\/\/liderconsulting.eu\/wp-content\/uploads\/2024\/09\/Frame-1751.png","type":"image\/png"}],"twitter_card":"summary_large_image","schema":{"@context":"https:\/\/schema.org","@graph":[{"@type":"WebPage","@id":"https:\/\/liderconsulting.eu\/?page_id=478&lang=en","url":"https:\/\/liderconsulting.eu\/?page_id=478&lang=en","name":"Guidance for business operations - LiderConsulting","isPartOf":{"@id":"https:\/\/liderconsulting.eu\/#website"},"primaryImageOfPage":{"@id":"https:\/\/liderconsulting.eu\/?page_id=478&lang=en#primaryimage"},"image":{"@id":"https:\/\/liderconsulting.eu\/?page_id=478&lang=en#primaryimage"},"thumbnailUrl":"https:\/\/liderconsulting.eu\/wp-content\/uploads\/2024\/09\/Frame-1751.png","datePublished":"2024-09-05T11:49:13+00:00","dateModified":"2024-09-24T08:25:49+00:00","breadcrumb":{"@id":"https:\/\/liderconsulting.eu\/?page_id=478&lang=en#breadcrumb"},"inLanguage":"pl-PL","potentialAction":[{"@type":"ReadAction","target":["https:\/\/liderconsulting.eu\/?page_id=478&lang=en"]}]},{"@type":"ImageObject","inLanguage":"pl-PL","@id":"https:\/\/liderconsulting.eu\/?page_id=478&lang=en#primaryimage","url":"https:\/\/liderconsulting.eu\/wp-content\/uploads\/2024\/09\/Frame-1751.png","contentUrl":"https:\/\/liderconsulting.eu\/wp-content\/uploads\/2024\/09\/Frame-1751.png","width":827,"height":205},{"@type":"BreadcrumbList","@id":"https:\/\/liderconsulting.eu\/?page_id=478&lang=en#breadcrumb","itemListElement":[{"@type":"ListItem","position":1,"name":"Strona g\u0142\u00f3wna","item":"https:\/\/liderconsulting.eu\/"},{"@type":"ListItem","position":2,"name":"Guidance for business operations"}]},{"@type":"WebSite","@id":"https:\/\/liderconsulting.eu\/#website","url":"https:\/\/liderconsulting.eu\/","name":"LiderConsulting","description":"Doradztwo, Ksi\u0119gowo\u015b\u0107, Po\u015brednictwo finansowe","publisher":{"@id":"https:\/\/liderconsulting.eu\/#organization"},"potentialAction":[{"@type":"SearchAction","target":{"@type":"EntryPoint","urlTemplate":"https:\/\/liderconsulting.eu\/?s={search_term_string}"},"query-input":{"@type":"PropertyValueSpecification","valueRequired":true,"valueName":"search_term_string"}}],"inLanguage":"pl-PL"},{"@type":"Organization","@id":"https:\/\/liderconsulting.eu\/#organization","name":"LiderConsulting","url":"https:\/\/liderconsulting.eu\/","logo":{"@type":"ImageObject","inLanguage":"pl-PL","@id":"https:\/\/liderconsulting.eu\/#\/schema\/logo\/image\/","url":"https:\/\/liderconsulting.eu\/wp-content\/uploads\/2024\/08\/LogoItem-2.png","contentUrl":"https:\/\/liderconsulting.eu\/wp-content\/uploads\/2024\/08\/LogoItem-2.png","width":332,"height":100,"caption":"LiderConsulting"},"image":{"@id":"https:\/\/liderconsulting.eu\/#\/schema\/logo\/image\/"}}]}},"_links":{"self":[{"href":"https:\/\/liderconsulting.eu\/index.php?rest_route=\/wp\/v2\/pages\/478","targetHints":{"allow":["GET"]}}],"collection":[{"href":"https:\/\/liderconsulting.eu\/index.php?rest_route=\/wp\/v2\/pages"}],"about":[{"href":"https:\/\/liderconsulting.eu\/index.php?rest_route=\/wp\/v2\/types\/page"}],"author":[{"embeddable":true,"href":"https:\/\/liderconsulting.eu\/index.php?rest_route=\/wp\/v2\/users\/1"}],"replies":[{"embeddable":true,"href":"https:\/\/liderconsulting.eu\/index.php?rest_route=%2Fwp%2Fv2%2Fcomments&post=478"}],"version-history":[{"count":7,"href":"https:\/\/liderconsulting.eu\/index.php?rest_route=\/wp\/v2\/pages\/478\/revisions"}],"predecessor-version":[{"id":561,"href":"https:\/\/liderconsulting.eu\/index.php?rest_route=\/wp\/v2\/pages\/478\/revisions\/561"}],"wp:attachment":[{"href":"https:\/\/liderconsulting.eu\/index.php?rest_route=%2Fwp%2Fv2%2Fmedia&parent=478"}],"curies":[{"name":"wp","href":"https:\/\/api.w.org\/{rel}","templated":true}]}}