{"id":500,"date":"2024-09-05T12:00:39","date_gmt":"2024-09-05T12:00:39","guid":{"rendered":"https:\/\/liderconsulting.skydoo.com.pl\/?page_id=500"},"modified":"2024-09-24T08:27:58","modified_gmt":"2024-09-24T08:27:58","slug":"muhasebe","status":"publish","type":"page","link":"https:\/\/liderconsulting.eu\/?page_id=500&lang=tr","title":{"rendered":"Muhasebe"},"content":{"rendered":"\t\t<div data-elementor-type=\"wp-page\" data-elementor-id=\"500\" class=\"elementor elementor-500\" data-elementor-post-type=\"page\">\n\t\t\t\t<div class=\"elementor-element elementor-element-331e407 e-flex e-con-boxed e-con e-parent\" data-id=\"331e407\" data-element_type=\"container\" data-e-type=\"container\">\n\t\t\t\t\t<div class=\"e-con-inner\">\n\t\t\t\t<div class=\"elementor-element elementor-element-5dbaf13 elementor-widget elementor-widget-heading\" data-id=\"5dbaf13\" data-element_type=\"widget\" data-e-type=\"widget\" data-widget_type=\"heading.default\">\n\t\t\t\t<div class=\"elementor-widget-container\">\n\t\t\t\t\t<h3 class=\"elementor-heading-title elementor-size-default\">MUHASEBE<\/h3>\t\t\t\t<\/div>\n\t\t\t\t<\/div>\n\t\t\t\t<div class=\"elementor-element elementor-element-2c454c8 elementor-widget elementor-widget-heading\" data-id=\"2c454c8\" data-element_type=\"widget\" data-e-type=\"widget\" data-widget_type=\"heading.default\">\n\t\t\t\t<div class=\"elementor-widget-container\">\n\t\t\t\t\t<h2 class=\"elementor-heading-title elementor-size-default\">Hem i\u015fletmelere, hem de bireylere y\u00f6nelik etkili ve g\u00fcvenilir hizmetler.<\/h2>\t\t\t\t<\/div>\n\t\t\t\t<\/div>\n\t\t\t\t\t<\/div>\n\t\t\t\t<\/div>\n\t\t<div class=\"elementor-element elementor-element-b3b1837 e-flex e-con-boxed e-con e-parent\" data-id=\"b3b1837\" data-element_type=\"container\" data-e-type=\"container\">\n\t\t\t\t\t<div class=\"e-con-inner\">\n\t\t<div class=\"elementor-element elementor-element-a117706 e-con-full e-flex e-con e-child\" data-id=\"a117706\" data-element_type=\"container\" data-e-type=\"container\">\n\t\t\t\t<div class=\"elementor-element elementor-element-8d39bf3 elementor-widget elementor-widget-image\" data-id=\"8d39bf3\" data-element_type=\"widget\" data-e-type=\"widget\" data-widget_type=\"image.default\">\n\t\t\t\t<div class=\"elementor-widget-container\">\n\t\t\t\t\t\t\t\t\t\t\t\t\t\t\t<img fetchpriority=\"high\" decoding=\"async\" width=\"791\" height=\"309\" src=\"https:\/\/liderconsulting.eu\/wp-content\/uploads\/2024\/09\/Frame-1751-1.png\" class=\"attachment-full size-full wp-image-103\" alt=\"\" srcset=\"https:\/\/liderconsulting.eu\/wp-content\/uploads\/2024\/09\/Frame-1751-1.png 791w, https:\/\/liderconsulting.eu\/wp-content\/uploads\/2024\/09\/Frame-1751-1-300x117.png 300w, https:\/\/liderconsulting.eu\/wp-content\/uploads\/2024\/09\/Frame-1751-1-768x300.png 768w\" sizes=\"(max-width: 791px) 100vw, 791px\" \/>\t\t\t\t\t\t\t\t\t\t\t\t\t\t\t<\/div>\n\t\t\t\t<\/div>\n\t\t\t\t<\/div>\n\t\t<div class=\"elementor-element elementor-element-2b29f40 e-con-full e-flex e-con e-child\" data-id=\"2b29f40\" data-element_type=\"container\" data-e-type=\"container\">\n\t\t\t\t<div class=\"elementor-element elementor-element-9b36427 elementor-widget elementor-widget-heading\" data-id=\"9b36427\" data-element_type=\"widget\" data-e-type=\"widget\" data-widget_type=\"heading.default\">\n\t\t\t\t<div class=\"elementor-widget-container\">\n\t\t\t\t\t<h2 class=\"elementor-heading-title elementor-size-default\">MUHASEBE<\/h2>\t\t\t\t<\/div>\n\t\t\t\t<\/div>\n\t\t\t\t<div class=\"elementor-element elementor-element-876a066 elementor-widget elementor-widget-text-editor\" data-id=\"876a066\" data-element_type=\"widget\" data-e-type=\"widget\" data-widget_type=\"text-editor.default\">\n\t\t\t\t<div class=\"elementor-widget-container\">\n\t\t\t\t\t\t\t\t\t<ul><li>HESAP TUTMAK<\/li><li>GEL\u0130R VE G\u0130DERLER\u0130N VERG\u0130 KAYDI<\/li><li>TOPLU KAYITLI VERGI<\/li><li>VERG\u0130 VE \u0130STAT\u0130ST\u0130K BEYANLARI<\/li><li>\u0130NSAN KAYNAKLARI VE MAA\u015e Y\u00d6NET\u0130M\u0130<\/li><li>HESAP PLANI OLU\u015eTURMA<\/li><li>VERG\u0130LEND\u0130RME \u015eEKL\u0130N\u0130N SE\u00c7\u0130LMES\u0130NDE YARDIM<\/li><li>VERG\u0130 VE ZUS MAKAMLARI KAR\u015eISINDA TEMS\u0130L<\/li><li>VERG\u0130 VE ZUS MAKAMLARI KAR\u015eISINDA TEMS\u0130L<\/li><li>BA\u015eVURULAR, TALEPLER, \u015e\u0130KAYETLER<\/li><li>GEC\u0130KM\u0130\u015e \u00d6DEMELER\u0130N TAHS\u0130L\u0130<\/li><\/ul>\t\t\t\t\t\t\t\t<\/div>\n\t\t\t\t<\/div>\n\t\t\t\t<\/div>\n\t\t\t\t\t<\/div>\n\t\t\t\t<\/div>\n\t\t\t\t<\/div>\n\t\t","protected":false},"excerpt":{"rendered":"<p>MUHASEBE Hem i\u015fletmelere, hem de bireylere y\u00f6nelik etkili ve g\u00fcvenilir hizmetler. MUHASEBE HESAP TUTMAK GEL\u0130R VE G\u0130DERLER\u0130N VERG\u0130 KAYDI TOPLU KAYITLI VERGI VERG\u0130 VE \u0130STAT\u0130ST\u0130K BEYANLARI \u0130NSAN KAYNAKLARI VE MAA\u015e Y\u00d6NET\u0130M\u0130 HESAP PLANI OLU\u015eTURMA VERG\u0130LEND\u0130RME \u015eEKL\u0130N\u0130N SE\u00c7\u0130LMES\u0130NDE YARDIM VERG\u0130 VE ZUS MAKAMLARI KAR\u015eISINDA TEMS\u0130L VERG\u0130 VE ZUS MAKAMLARI KAR\u015eISINDA TEMS\u0130L BA\u015eVURULAR, TALEPLER, \u015e\u0130KAYETLER GEC\u0130KM\u0130\u015e \u00d6DEMELER\u0130N [&hellip;]<\/p>\n","protected":false},"author":1,"featured_media":0,"parent":0,"menu_order":0,"comment_status":"closed","ping_status":"closed","template":"elementor_header_footer","meta":{"footnotes":""},"class_list":["post-500","page","type-page","status-publish","hentry"],"yoast_head":"<!-- This site is optimized with the Yoast SEO plugin v27.4 - https:\/\/yoast.com\/product\/yoast-seo-wordpress\/ -->\n<title>Muhasebe - LiderConsulting<\/title>\n<meta name=\"robots\" content=\"index, follow, max-snippet:-1, max-image-preview:large, max-video-preview:-1\" \/>\n<link rel=\"canonical\" href=\"https:\/\/liderconsulting.eu\/?page_id=500&lang=tr\" \/>\n<meta property=\"og:locale\" content=\"pl_PL\" \/>\n<meta property=\"og:type\" content=\"article\" \/>\n<meta property=\"og:title\" content=\"Muhasebe - LiderConsulting\" \/>\n<meta property=\"og:description\" content=\"MUHASEBE Hem i\u015fletmelere, hem de bireylere y\u00f6nelik etkili ve g\u00fcvenilir hizmetler. MUHASEBE HESAP TUTMAK GEL\u0130R VE G\u0130DERLER\u0130N VERG\u0130 KAYDI TOPLU KAYITLI VERGI VERG\u0130 VE \u0130STAT\u0130ST\u0130K BEYANLARI \u0130NSAN KAYNAKLARI VE MAA\u015e Y\u00d6NET\u0130M\u0130 HESAP PLANI OLU\u015eTURMA VERG\u0130LEND\u0130RME \u015eEKL\u0130N\u0130N SE\u00c7\u0130LMES\u0130NDE YARDIM VERG\u0130 VE ZUS MAKAMLARI KAR\u015eISINDA TEMS\u0130L VERG\u0130 VE ZUS MAKAMLARI KAR\u015eISINDA TEMS\u0130L BA\u015eVURULAR, TALEPLER, \u015e\u0130KAYETLER GEC\u0130KM\u0130\u015e \u00d6DEMELER\u0130N [&hellip;]\" \/>\n<meta property=\"og:url\" content=\"https:\/\/liderconsulting.eu\/?page_id=500&amp;lang=tr\" \/>\n<meta property=\"og:site_name\" content=\"LiderConsulting\" \/>\n<meta property=\"article:modified_time\" content=\"2024-09-24T08:27:58+00:00\" \/>\n<meta property=\"og:image\" content=\"https:\/\/liderconsulting.eu\/wp-content\/uploads\/2024\/09\/Frame-1751-1.png\" \/>\n\t<meta property=\"og:image:width\" content=\"791\" \/>\n\t<meta property=\"og:image:height\" content=\"309\" \/>\n\t<meta property=\"og:image:type\" content=\"image\/png\" \/>\n<meta name=\"twitter:card\" content=\"summary_large_image\" \/>\n<script type=\"application\/ld+json\" class=\"yoast-schema-graph\">{\"@context\":\"https:\\\/\\\/schema.org\",\"@graph\":[{\"@type\":\"WebPage\",\"@id\":\"https:\\\/\\\/liderconsulting.eu\\\/?page_id=500&lang=tr\",\"url\":\"https:\\\/\\\/liderconsulting.eu\\\/?page_id=500&lang=tr\",\"name\":\"Muhasebe - LiderConsulting\",\"isPartOf\":{\"@id\":\"https:\\\/\\\/liderconsulting.eu\\\/#website\"},\"primaryImageOfPage\":{\"@id\":\"https:\\\/\\\/liderconsulting.eu\\\/?page_id=500&lang=tr#primaryimage\"},\"image\":{\"@id\":\"https:\\\/\\\/liderconsulting.eu\\\/?page_id=500&lang=tr#primaryimage\"},\"thumbnailUrl\":\"https:\\\/\\\/liderconsulting.eu\\\/wp-content\\\/uploads\\\/2024\\\/09\\\/Frame-1751-1.png\",\"datePublished\":\"2024-09-05T12:00:39+00:00\",\"dateModified\":\"2024-09-24T08:27:58+00:00\",\"breadcrumb\":{\"@id\":\"https:\\\/\\\/liderconsulting.eu\\\/?page_id=500&lang=tr#breadcrumb\"},\"inLanguage\":\"pl-PL\",\"potentialAction\":[{\"@type\":\"ReadAction\",\"target\":[\"https:\\\/\\\/liderconsulting.eu\\\/?page_id=500&lang=tr\"]}]},{\"@type\":\"ImageObject\",\"inLanguage\":\"pl-PL\",\"@id\":\"https:\\\/\\\/liderconsulting.eu\\\/?page_id=500&lang=tr#primaryimage\",\"url\":\"https:\\\/\\\/liderconsulting.eu\\\/wp-content\\\/uploads\\\/2024\\\/09\\\/Frame-1751-1.png\",\"contentUrl\":\"https:\\\/\\\/liderconsulting.eu\\\/wp-content\\\/uploads\\\/2024\\\/09\\\/Frame-1751-1.png\",\"width\":791,\"height\":309},{\"@type\":\"BreadcrumbList\",\"@id\":\"https:\\\/\\\/liderconsulting.eu\\\/?page_id=500&lang=tr#breadcrumb\",\"itemListElement\":[{\"@type\":\"ListItem\",\"position\":1,\"name\":\"Strona g\u0142\u00f3wna\",\"item\":\"https:\\\/\\\/liderconsulting.eu\\\/\"},{\"@type\":\"ListItem\",\"position\":2,\"name\":\"Muhasebe\"}]},{\"@type\":\"WebSite\",\"@id\":\"https:\\\/\\\/liderconsulting.eu\\\/#website\",\"url\":\"https:\\\/\\\/liderconsulting.eu\\\/\",\"name\":\"LiderConsulting\",\"description\":\"Doradztwo, Ksi\u0119gowo\u015b\u0107, Po\u015brednictwo finansowe\",\"publisher\":{\"@id\":\"https:\\\/\\\/liderconsulting.eu\\\/#organization\"},\"potentialAction\":[{\"@type\":\"SearchAction\",\"target\":{\"@type\":\"EntryPoint\",\"urlTemplate\":\"https:\\\/\\\/liderconsulting.eu\\\/?s={search_term_string}\"},\"query-input\":{\"@type\":\"PropertyValueSpecification\",\"valueRequired\":true,\"valueName\":\"search_term_string\"}}],\"inLanguage\":\"pl-PL\"},{\"@type\":\"Organization\",\"@id\":\"https:\\\/\\\/liderconsulting.eu\\\/#organization\",\"name\":\"LiderConsulting\",\"url\":\"https:\\\/\\\/liderconsulting.eu\\\/\",\"logo\":{\"@type\":\"ImageObject\",\"inLanguage\":\"pl-PL\",\"@id\":\"https:\\\/\\\/liderconsulting.eu\\\/#\\\/schema\\\/logo\\\/image\\\/\",\"url\":\"https:\\\/\\\/liderconsulting.eu\\\/wp-content\\\/uploads\\\/2024\\\/08\\\/LogoItem-2.png\",\"contentUrl\":\"https:\\\/\\\/liderconsulting.eu\\\/wp-content\\\/uploads\\\/2024\\\/08\\\/LogoItem-2.png\",\"width\":332,\"height\":100,\"caption\":\"LiderConsulting\"},\"image\":{\"@id\":\"https:\\\/\\\/liderconsulting.eu\\\/#\\\/schema\\\/logo\\\/image\\\/\"}}]}<\/script>\n<!-- \/ Yoast SEO plugin. -->","yoast_head_json":{"title":"Muhasebe - LiderConsulting","robots":{"index":"index","follow":"follow","max-snippet":"max-snippet:-1","max-image-preview":"max-image-preview:large","max-video-preview":"max-video-preview:-1"},"canonical":"https:\/\/liderconsulting.eu\/?page_id=500&lang=tr","og_locale":"pl_PL","og_type":"article","og_title":"Muhasebe - LiderConsulting","og_description":"MUHASEBE Hem i\u015fletmelere, hem de bireylere y\u00f6nelik etkili ve g\u00fcvenilir hizmetler. MUHASEBE HESAP TUTMAK GEL\u0130R VE G\u0130DERLER\u0130N VERG\u0130 KAYDI TOPLU KAYITLI VERGI VERG\u0130 VE \u0130STAT\u0130ST\u0130K BEYANLARI \u0130NSAN KAYNAKLARI VE MAA\u015e Y\u00d6NET\u0130M\u0130 HESAP PLANI OLU\u015eTURMA VERG\u0130LEND\u0130RME \u015eEKL\u0130N\u0130N SE\u00c7\u0130LMES\u0130NDE YARDIM VERG\u0130 VE ZUS MAKAMLARI KAR\u015eISINDA TEMS\u0130L VERG\u0130 VE ZUS MAKAMLARI KAR\u015eISINDA TEMS\u0130L BA\u015eVURULAR, TALEPLER, \u015e\u0130KAYETLER GEC\u0130KM\u0130\u015e \u00d6DEMELER\u0130N [&hellip;]","og_url":"https:\/\/liderconsulting.eu\/?page_id=500&lang=tr","og_site_name":"LiderConsulting","article_modified_time":"2024-09-24T08:27:58+00:00","og_image":[{"width":791,"height":309,"url":"https:\/\/liderconsulting.eu\/wp-content\/uploads\/2024\/09\/Frame-1751-1.png","type":"image\/png"}],"twitter_card":"summary_large_image","schema":{"@context":"https:\/\/schema.org","@graph":[{"@type":"WebPage","@id":"https:\/\/liderconsulting.eu\/?page_id=500&lang=tr","url":"https:\/\/liderconsulting.eu\/?page_id=500&lang=tr","name":"Muhasebe - LiderConsulting","isPartOf":{"@id":"https:\/\/liderconsulting.eu\/#website"},"primaryImageOfPage":{"@id":"https:\/\/liderconsulting.eu\/?page_id=500&lang=tr#primaryimage"},"image":{"@id":"https:\/\/liderconsulting.eu\/?page_id=500&lang=tr#primaryimage"},"thumbnailUrl":"https:\/\/liderconsulting.eu\/wp-content\/uploads\/2024\/09\/Frame-1751-1.png","datePublished":"2024-09-05T12:00:39+00:00","dateModified":"2024-09-24T08:27:58+00:00","breadcrumb":{"@id":"https:\/\/liderconsulting.eu\/?page_id=500&lang=tr#breadcrumb"},"inLanguage":"pl-PL","potentialAction":[{"@type":"ReadAction","target":["https:\/\/liderconsulting.eu\/?page_id=500&lang=tr"]}]},{"@type":"ImageObject","inLanguage":"pl-PL","@id":"https:\/\/liderconsulting.eu\/?page_id=500&lang=tr#primaryimage","url":"https:\/\/liderconsulting.eu\/wp-content\/uploads\/2024\/09\/Frame-1751-1.png","contentUrl":"https:\/\/liderconsulting.eu\/wp-content\/uploads\/2024\/09\/Frame-1751-1.png","width":791,"height":309},{"@type":"BreadcrumbList","@id":"https:\/\/liderconsulting.eu\/?page_id=500&lang=tr#breadcrumb","itemListElement":[{"@type":"ListItem","position":1,"name":"Strona g\u0142\u00f3wna","item":"https:\/\/liderconsulting.eu\/"},{"@type":"ListItem","position":2,"name":"Muhasebe"}]},{"@type":"WebSite","@id":"https:\/\/liderconsulting.eu\/#website","url":"https:\/\/liderconsulting.eu\/","name":"LiderConsulting","description":"Doradztwo, Ksi\u0119gowo\u015b\u0107, Po\u015brednictwo finansowe","publisher":{"@id":"https:\/\/liderconsulting.eu\/#organization"},"potentialAction":[{"@type":"SearchAction","target":{"@type":"EntryPoint","urlTemplate":"https:\/\/liderconsulting.eu\/?s={search_term_string}"},"query-input":{"@type":"PropertyValueSpecification","valueRequired":true,"valueName":"search_term_string"}}],"inLanguage":"pl-PL"},{"@type":"Organization","@id":"https:\/\/liderconsulting.eu\/#organization","name":"LiderConsulting","url":"https:\/\/liderconsulting.eu\/","logo":{"@type":"ImageObject","inLanguage":"pl-PL","@id":"https:\/\/liderconsulting.eu\/#\/schema\/logo\/image\/","url":"https:\/\/liderconsulting.eu\/wp-content\/uploads\/2024\/08\/LogoItem-2.png","contentUrl":"https:\/\/liderconsulting.eu\/wp-content\/uploads\/2024\/08\/LogoItem-2.png","width":332,"height":100,"caption":"LiderConsulting"},"image":{"@id":"https:\/\/liderconsulting.eu\/#\/schema\/logo\/image\/"}}]}},"_links":{"self":[{"href":"https:\/\/liderconsulting.eu\/index.php?rest_route=\/wp\/v2\/pages\/500","targetHints":{"allow":["GET"]}}],"collection":[{"href":"https:\/\/liderconsulting.eu\/index.php?rest_route=\/wp\/v2\/pages"}],"about":[{"href":"https:\/\/liderconsulting.eu\/index.php?rest_route=\/wp\/v2\/types\/page"}],"author":[{"embeddable":true,"href":"https:\/\/liderconsulting.eu\/index.php?rest_route=\/wp\/v2\/users\/1"}],"replies":[{"embeddable":true,"href":"https:\/\/liderconsulting.eu\/index.php?rest_route=%2Fwp%2Fv2%2Fcomments&post=500"}],"version-history":[{"count":7,"href":"https:\/\/liderconsulting.eu\/index.php?rest_route=\/wp\/v2\/pages\/500\/revisions"}],"predecessor-version":[{"id":573,"href":"https:\/\/liderconsulting.eu\/index.php?rest_route=\/wp\/v2\/pages\/500\/revisions\/573"}],"wp:attachment":[{"href":"https:\/\/liderconsulting.eu\/index.php?rest_route=%2Fwp%2Fv2%2Fmedia&parent=500"}],"curies":[{"name":"wp","href":"https:\/\/api.w.org\/{rel}","templated":true}]}}